{"id":2047,"date":"2023-03-04T23:39:39","date_gmt":"2023-03-04T23:39:39","guid":{"rendered":"https:\/\/lasnamaehambakliinik.ee\/%d0%b8%d0%b7-%d0%bd%d0%b0%d1%81\/%d0%bd%d0%b0%d1%88%d0%b8-%d0%bf%d0%b0%d1%80%d1%82%d0%bd%d0%b5%d1%80%d1%8b\/"},"modified":"2023-03-04T23:39:40","modified_gmt":"2023-03-04T23:39:40","slug":"%d0%bd%d0%b0%d1%88%d0%b8-%d0%bf%d0%b0%d1%80%d1%82%d0%bd%d0%b5%d1%80%d1%8b","status":"publish","type":"page","link":"https:\/\/lasnamaehambakliinik.ee\/ru\/%d0%b8%d0%b7-%d0%bd%d0%b0%d1%81\/%d0%bd%d0%b0%d1%88%d0%b8-%d0%bf%d0%b0%d1%80%d1%82%d0%bd%d0%b5%d1%80%d1%8b\/","title":{"rendered":"\u041d\u0430\u0448\u0438 \u043f\u0430\u0440\u0442\u043d\u0435\u0440\u044b"},"content":{"rendered":"\t\t<div data-elementor-type=\"wp-page\" data-elementor-id=\"2047\" class=\"elementor elementor-2047 elementor-2013\" data-elementor-settings=\"{&quot;ha_cmc_init_switcher&quot;:&quot;no&quot;}\" data-elementor-post-type=\"page\">\n\t\t\t\t\t\t<section class=\"penci-section penci-dmcheck penci-elbg-activate penci-elbg-img penci-disSticky penci-structure-10 elementor-section elementor-top-section elementor-element elementor-element-74f42665 elementor-section-boxed elementor-section-height-default elementor-section-height-default\" data-id=\"74f42665\" data-element_type=\"section\" data-e-type=\"section\" data-settings=\"{&quot;background_background&quot;:&quot;classic&quot;,&quot;shape_divider_bottom&quot;:&quot;pyramids&quot;,&quot;_ha_eqh_enable&quot;:false}\">\n\t\t\t\t\t\t\t<div class=\"elementor-background-overlay\"><\/div>\n\t\t\t\t\t\t<div class=\"elementor-shape elementor-shape-bottom\" aria-hidden=\"true\" data-negative=\"false\">\n\t\t\t<svg xmlns=\"http:\/\/www.w3.org\/2000\/svg\" viewBox=\"0 0 1000 100\" preserveAspectRatio=\"none\">\n\t<path class=\"elementor-shape-fill\" d=\"M761.9,44.1L643.1,27.2L333.8,98L0,3.8V0l1000,0v3.9\"\/>\n<\/svg>\t\t<\/div>\n\t\t\t\t\t<div class=\"elementor-container elementor-column-gap-no\">\n\t\t\t\t\t<div class=\"penci-ercol-100 penci-ercol-order-1 penci-sticky-ct    elementor-column elementor-col-100 elementor-top-column elementor-element elementor-element-1c120a55\" data-id=\"1c120a55\" data-element_type=\"column\" data-e-type=\"column\">\n\t\t\t<div class=\"elementor-widget-wrap elementor-element-populated\">\n\t\t\t\t\t\t<div class=\"elementor-element elementor-element-cfda91e elementor-widget elementor-widget-penci-fancy_heading\" data-id=\"cfda91e\" data-element_type=\"widget\" data-e-type=\"widget\" data-widget_type=\"penci-fancy_heading.default\">\n\t\t\t\t<div class=\"elementor-widget-container\">\n\t\t\t\t\t\t\t<div class=\"penci-fancy-heading penci-heading-text-center\">\n\t\t\t<div class=\"penci-fancy-heading-inner\">\n\t\t\t\t<h2 class=\"penci-heading-title\"><span class=\"inner-tit\">Koost\u00f6\u00f6partnerid<\/span><\/h2>\t\t\t<\/div>\n\t\t<\/div>\n\t\t\t\t\t\t<\/div>\n\t\t\t\t<\/div>\n\t\t\t\t\t<\/div>\n\t\t<\/div>\n\t\t\t\t\t<\/div>\n\t\t<\/section>\n\t\t\t\t<section class=\"penci-section penci-disSticky penci-structure-10 elementor-section elementor-top-section elementor-element elementor-element-527eaff elementor-section-boxed elementor-section-height-default elementor-section-height-default\" data-id=\"527eaff\" data-element_type=\"section\" data-e-type=\"section\" data-settings=\"{&quot;_ha_eqh_enable&quot;:false}\">\n\t\t\t\t\t\t<div class=\"elementor-container elementor-column-gap-default\">\n\t\t\t\t\t<div class=\"penci-ercol-100 penci-ercol-order-1 penci-sticky-ct    elementor-column elementor-col-100 elementor-top-column elementor-element elementor-element-9f6dfa3\" data-id=\"9f6dfa3\" data-element_type=\"column\" data-e-type=\"column\">\n\t\t\t<div class=\"elementor-widget-wrap elementor-element-populated\">\n\t\t\t\t\t\t<div class=\"elementor-element elementor-element-8c9fc01 elementor-headline--style-highlight elementor-widget elementor-widget-animated-headline\" data-id=\"8c9fc01\" data-element_type=\"widget\" data-e-type=\"widget\" data-settings=\"{&quot;marker&quot;:&quot;underline_zigzag&quot;,&quot;highlighted_text&quot;:&quot;\\u043f\\u0430\\u0440\\u0442\\u043d\\u0435\\u0440\\u044b&quot;,&quot;highlight_animation_duration&quot;:1500,&quot;highlight_iteration_delay&quot;:10000,&quot;headline_style&quot;:&quot;highlight&quot;,&quot;loop&quot;:&quot;yes&quot;}\" data-widget_type=\"animated-headline.default\">\n\t\t\t\t<div class=\"elementor-widget-container\">\n\t\t\t\t\t\t\t<h3 class=\"elementor-headline\">\n\t\t\t\t\t<span class=\"elementor-headline-plain-text elementor-headline-text-wrapper\">\u041d\u0430\u0448\u0438 <\/span>\n\t\t\t\t<span class=\"elementor-headline-dynamic-wrapper elementor-headline-text-wrapper\">\n\t\t\t\t\t<span class=\"elementor-headline-dynamic-text elementor-headline-text-active\">\u043f\u0430\u0440\u0442\u043d\u0435\u0440\u044b<\/span>\n\t\t\t\t<\/span>\n\t\t\t\t<\/h3>\n\t\t\t\t\t\t<\/div>\n\t\t\t\t<\/div>\n\t\t\t\t<div class=\"elementor-element elementor-element-7d90aec elementor-widget elementor-widget-text-editor\" data-id=\"7d90aec\" data-element_type=\"widget\" data-e-type=\"widget\" data-widget_type=\"text-editor.default\">\n\t\t\t\t<div class=\"elementor-widget-container\">\n\t\t\t\t\t\t\t\t\t<p style=\"text-align: center;\">Teeme koost\u00f6\u00f6d mitmede firmadega, et leida oma patsiendile k\u00f5ige sobivama lahenduse.<\/p>\n\t\t\t\t\t\t\t\t<\/div>\n\t\t\t\t<\/div>\n\t\t\t\t<section class=\"penci-section penci-disSticky penci-structure-40 elementor-section elementor-inner-section elementor-element elementor-element-94e9c1b elementor-section-boxed elementor-section-height-default elementor-section-height-default\" data-id=\"94e9c1b\" data-element_type=\"section\" data-e-type=\"section\" data-settings=\"{&quot;_ha_eqh_enable&quot;:false}\">\n\t\t\t\t\t\t<div class=\"elementor-container elementor-column-gap-default\">\n\t\t\t\t\t<div class=\"penci-ercol-25 penci-ercol-order-1 penci-sticky-sb penci-sidebarSC   elementor-column elementor-col-25 elementor-inner-column elementor-element elementor-element-8fd10a4\" data-id=\"8fd10a4\" data-element_type=\"column\" data-e-type=\"column\">\n\t\t\t<div class=\"elementor-widget-wrap elementor-element-populated\">\n\t\t\t\t\t\t<div class=\"elementor-element elementor-element-60e3b23 elementor-widget elementor-widget-image\" data-id=\"60e3b23\" data-element_type=\"widget\" data-e-type=\"widget\" data-widget_type=\"image.default\">\n\t\t\t\t<div class=\"elementor-widget-container\">\n\t\t\t\t\t\t\t\t\t\t\t\t\t\t\t<img decoding=\"async\" width=\"169\" height=\"56\" src=\"https:\/\/lasnamaehambakliinik.ee\/wp-content\/uploads\/2023\/02\/logo-1.gif\" class=\"attachment-large size-large wp-image-962\" alt=\"\" \/>\t\t\t\t\t\t\t\t\t\t\t\t\t\t\t<\/div>\n\t\t\t\t<\/div>\n\t\t\t\t\t<\/div>\n\t\t<\/div>\n\t\t\t\t<div class=\"penci-ercol-25 penci-ercol-order-2 penci-sticky-sb penci-sidebarSC   elementor-column elementor-col-25 elementor-inner-column elementor-element elementor-element-356350e\" data-id=\"356350e\" data-element_type=\"column\" data-e-type=\"column\">\n\t\t\t<div class=\"elementor-widget-wrap elementor-element-populated\">\n\t\t\t\t\t\t<div class=\"elementor-element elementor-element-6d0fa16 elementor-widget elementor-widget-image\" data-id=\"6d0fa16\" data-element_type=\"widget\" data-e-type=\"widget\" data-widget_type=\"image.default\">\n\t\t\t\t<div class=\"elementor-widget-container\">\n\t\t\t\t\t\t\t\t\t\t\t\t\t\t\t<img decoding=\"async\" width=\"224\" height=\"78\" src=\"https:\/\/lasnamaehambakliinik.ee\/wp-content\/uploads\/2023\/03\/Cardens_logo_Artboard-3.png\" class=\"attachment-large size-large wp-image-2019\" alt=\"\" \/>\t\t\t\t\t\t\t\t\t\t\t\t\t\t\t<\/div>\n\t\t\t\t<\/div>\n\t\t\t\t\t<\/div>\n\t\t<\/div>\n\t\t\t\t<div class=\"penci-ercol-25 penci-ercol-order-3 penci-sticky-sb penci-sidebarSC   elementor-column elementor-col-25 elementor-inner-column elementor-element elementor-element-3c43476\" data-id=\"3c43476\" data-element_type=\"column\" data-e-type=\"column\">\n\t\t\t<div class=\"elementor-widget-wrap elementor-element-populated\">\n\t\t\t\t\t\t<div class=\"elementor-element elementor-element-0395a9d elementor-widget elementor-widget-image\" data-id=\"0395a9d\" data-element_type=\"widget\" data-e-type=\"widget\" data-widget_type=\"image.default\">\n\t\t\t\t<div class=\"elementor-widget-container\">\n\t\t\t\t\t\t\t\t\t\t\t\t\t\t\t<img decoding=\"async\" width=\"195\" height=\"57\" src=\"https:\/\/lasnamaehambakliinik.ee\/wp-content\/uploads\/2023\/02\/logo.gif\" class=\"attachment-large size-large wp-image-959\" alt=\"\" \/>\t\t\t\t\t\t\t\t\t\t\t\t\t\t\t<\/div>\n\t\t\t\t<\/div>\n\t\t\t\t\t<\/div>\n\t\t<\/div>\n\t\t\t\t<div class=\"penci-ercol-25 penci-ercol-order-4 penci-sticky-sb penci-sidebarSC   elementor-column elementor-col-25 elementor-inner-column elementor-element elementor-element-c1ffe9c\" data-id=\"c1ffe9c\" data-element_type=\"column\" data-e-type=\"column\">\n\t\t\t<div class=\"elementor-widget-wrap elementor-element-populated\">\n\t\t\t\t\t\t<div class=\"elementor-element elementor-element-e889b4f elementor-widget elementor-widget-image\" data-id=\"e889b4f\" data-element_type=\"widget\" data-e-type=\"widget\" data-widget_type=\"image.default\">\n\t\t\t\t<div class=\"elementor-widget-container\">\n\t\t\t\t\t\t\t\t\t\t\t\t\t\t\t<img loading=\"lazy\" decoding=\"async\" width=\"151\" height=\"151\" src=\"https:\/\/lasnamaehambakliinik.ee\/wp-content\/uploads\/2023\/02\/TT-Dental_logo-022.png\" class=\"attachment-large size-large wp-image-953\" alt=\"\" \/>\t\t\t\t\t\t\t\t\t\t\t\t\t\t\t<\/div>\n\t\t\t\t<\/div>\n\t\t\t\t\t<\/div>\n\t\t<\/div>\n\t\t\t\t\t<\/div>\n\t\t<\/section>\n\t\t\t\t<section class=\"penci-section penci-disSticky penci-structure-40 elementor-section elementor-inner-section elementor-element elementor-element-58f9d2c elementor-section-boxed elementor-section-height-default elementor-section-height-default\" data-id=\"58f9d2c\" data-element_type=\"section\" data-e-type=\"section\" data-settings=\"{&quot;_ha_eqh_enable&quot;:false}\">\n\t\t\t\t\t\t<div class=\"elementor-container elementor-column-gap-default\">\n\t\t\t\t\t<div class=\"penci-ercol-25 penci-ercol-order-1 penci-sticky-sb penci-sidebarSC   elementor-column elementor-col-25 elementor-inner-column elementor-element elementor-element-ce5c042\" data-id=\"ce5c042\" data-element_type=\"column\" data-e-type=\"column\">\n\t\t\t<div class=\"elementor-widget-wrap elementor-element-populated\">\n\t\t\t\t\t\t<div class=\"elementor-element elementor-element-ec34631 elementor-widget elementor-widget-image\" data-id=\"ec34631\" data-element_type=\"widget\" data-e-type=\"widget\" data-widget_type=\"image.default\">\n\t\t\t\t<div class=\"elementor-widget-container\">\n\t\t\t\t\t\t\t\t\t\t\t\t\t\t\t<img loading=\"lazy\" decoding=\"async\" width=\"150\" height=\"38\" src=\"https:\/\/lasnamaehambakliinik.ee\/wp-content\/uploads\/2023\/03\/cavex1.png\" class=\"attachment-large size-large wp-image-2023\" alt=\"\" \/>\t\t\t\t\t\t\t\t\t\t\t\t\t\t\t<\/div>\n\t\t\t\t<\/div>\n\t\t\t\t\t<\/div>\n\t\t<\/div>\n\t\t\t\t<div class=\"penci-ercol-25 penci-ercol-order-2 penci-sticky-sb penci-sidebarSC   elementor-column elementor-col-25 elementor-inner-column elementor-element elementor-element-0b9da01\" data-id=\"0b9da01\" data-element_type=\"column\" data-e-type=\"column\">\n\t\t\t<div class=\"elementor-widget-wrap elementor-element-populated\">\n\t\t\t\t\t\t<div class=\"elementor-element elementor-element-aad2bfd elementor-widget elementor-widget-image\" data-id=\"aad2bfd\" data-element_type=\"widget\" data-e-type=\"widget\" data-widget_type=\"image.default\">\n\t\t\t\t<div class=\"elementor-widget-container\">\n\t\t\t\t\t\t\t\t\t\t\t\t\t\t\t<img loading=\"lazy\" decoding=\"async\" width=\"198\" height=\"66\" src=\"https:\/\/lasnamaehambakliinik.ee\/wp-content\/uploads\/2023\/02\/neobiotech-01.png\" class=\"attachment-large size-large wp-image-947\" alt=\"\" \/>\t\t\t\t\t\t\t\t\t\t\t\t\t\t\t<\/div>\n\t\t\t\t<\/div>\n\t\t\t\t\t<\/div>\n\t\t<\/div>\n\t\t\t\t<div class=\"penci-ercol-25 penci-ercol-order-3 penci-sticky-sb penci-sidebarSC   elementor-column elementor-col-25 elementor-inner-column elementor-element elementor-element-ab5fba1\" data-id=\"ab5fba1\" data-element_type=\"column\" data-e-type=\"column\">\n\t\t\t<div class=\"elementor-widget-wrap elementor-element-populated\">\n\t\t\t\t\t\t<div class=\"elementor-element elementor-element-6c9a94f elementor-widget elementor-widget-image\" data-id=\"6c9a94f\" data-element_type=\"widget\" data-e-type=\"widget\" data-widget_type=\"image.default\">\n\t\t\t\t<div class=\"elementor-widget-container\">\n\t\t\t\t\t\t\t\t\t\t\t\t\t\t\t<img loading=\"lazy\" decoding=\"async\" width=\"150\" height=\"150\" src=\"https:\/\/lasnamaehambakliinik.ee\/wp-content\/uploads\/2023\/02\/micerium_logo1.jpg\" class=\"attachment-large size-large wp-image-923\" alt=\"\" \/>\t\t\t\t\t\t\t\t\t\t\t\t\t\t\t<\/div>\n\t\t\t\t<\/div>\n\t\t\t\t\t<\/div>\n\t\t<\/div>\n\t\t\t\t<div class=\"penci-ercol-25 penci-ercol-order-4 penci-sticky-sb penci-sidebarSC   elementor-column elementor-col-25 elementor-inner-column elementor-element elementor-element-cd254ac\" data-id=\"cd254ac\" data-element_type=\"column\" data-e-type=\"column\">\n\t\t\t<div class=\"elementor-widget-wrap elementor-element-populated\">\n\t\t\t\t\t\t<div class=\"elementor-element elementor-element-fb1c889 elementor-widget elementor-widget-image\" data-id=\"fb1c889\" data-element_type=\"widget\" data-e-type=\"widget\" data-widget_type=\"image.default\">\n\t\t\t\t<div class=\"elementor-widget-container\">\n\t\t\t\t\t\t\t\t\t\t\t\t\t\t\t<img loading=\"lazy\" decoding=\"async\" width=\"257\" height=\"64\" src=\"https:\/\/lasnamaehambakliinik.ee\/wp-content\/uploads\/2023\/02\/OsteoBiol.png\" class=\"attachment-large size-large wp-image-956\" alt=\"\" \/>\t\t\t\t\t\t\t\t\t\t\t\t\t\t\t<\/div>\n\t\t\t\t<\/div>\n\t\t\t\t\t<\/div>\n\t\t<\/div>\n\t\t\t\t\t<\/div>\n\t\t<\/section>\n\t\t\t\t<section class=\"penci-section penci-disSticky penci-structure-30 elementor-section elementor-inner-section elementor-element elementor-element-e3f6029 elementor-section-boxed elementor-section-height-default elementor-section-height-default\" data-id=\"e3f6029\" data-element_type=\"section\" data-e-type=\"section\" data-settings=\"{&quot;_ha_eqh_enable&quot;:false}\">\n\t\t\t\t\t\t<div class=\"elementor-container elementor-column-gap-default\">\n\t\t\t\t\t<div class=\"penci-ercol-33 penci-ercol-order-1 penci-sticky-sb penci-sidebarSC   elementor-column elementor-col-33 elementor-inner-column elementor-element elementor-element-fe39785\" data-id=\"fe39785\" data-element_type=\"column\" data-e-type=\"column\">\n\t\t\t<div class=\"elementor-widget-wrap\">\n\t\t\t\t\t\t\t<\/div>\n\t\t<\/div>\n\t\t\t\t<div class=\"penci-ercol-33 penci-ercol-order-2 penci-sticky-sb penci-sidebarSC   elementor-column elementor-col-33 elementor-inner-column elementor-element elementor-element-ce1540a\" data-id=\"ce1540a\" data-element_type=\"column\" data-e-type=\"column\">\n\t\t\t<div class=\"elementor-widget-wrap elementor-element-populated\">\n\t\t\t\t\t\t<div class=\"elementor-element elementor-element-3bc9fcb elementor-widget elementor-widget-image\" data-id=\"3bc9fcb\" data-element_type=\"widget\" data-e-type=\"widget\" data-widget_type=\"image.default\">\n\t\t\t\t<div class=\"elementor-widget-container\">\n\t\t\t\t\t\t\t\t\t\t\t\t\t\t\t<img loading=\"lazy\" decoding=\"async\" width=\"198\" height=\"66\" src=\"https:\/\/lasnamaehambakliinik.ee\/wp-content\/uploads\/2023\/03\/Globald-01.png\" class=\"attachment-large size-large wp-image-2027\" alt=\"\" \/>\t\t\t\t\t\t\t\t\t\t\t\t\t\t\t<\/div>\n\t\t\t\t<\/div>\n\t\t\t\t\t<\/div>\n\t\t<\/div>\n\t\t\t\t<div class=\"penci-ercol-33 penci-ercol-order-3 penci-sticky-sb penci-sidebarSC   elementor-column elementor-col-33 elementor-inner-column elementor-element elementor-element-8f85c98\" data-id=\"8f85c98\" data-element_type=\"column\" data-e-type=\"column\">\n\t\t\t<div class=\"elementor-widget-wrap\">\n\t\t\t\t\t\t\t<\/div>\n\t\t<\/div>\n\t\t\t\t\t<\/div>\n\t\t<\/section>\n\t\t\t\t\t<\/div>\n\t\t<\/div>\n\t\t\t\t\t<\/div>\n\t\t<\/section>\n\t\t\t\t<\/div>\n\t\t","protected":false},"excerpt":{"rendered":"<p>Koost\u00f6\u00f6partnerid \u041d\u0430\u0448\u0438 \u043f\u0430\u0440\u0442\u043d\u0435\u0440\u044b Teeme koost\u00f6\u00f6d mitmede firmadega, et leida oma patsiendile k\u00f5ige sobivama lahenduse.<\/p>\n","protected":false},"author":1,"featured_media":0,"parent":1496,"menu_order":0,"comment_status":"closed","ping_status":"closed","template":"elementor_header_footer","meta":{"_lmt_disableupdate":"","_lmt_disable":"","footnotes":""},"class_list":["post-2047","page","type-page","status-publish","hentry"],"yoast_head":"<!-- This site is optimized with the Yoast SEO Premium plugin v26.3 (Yoast SEO v27.3) - https:\/\/yoast.com\/product\/yoast-seo-premium-wordpress\/ -->\n<title>\u041d\u0430\u0448\u0438 \u043f\u0430\u0440\u0442\u043d\u0435\u0440\u044b - Lasnam&auml;e Hambakliinik<\/title>\n<meta name=\"robots\" content=\"index, follow, max-snippet:-1, max-image-preview:large, max-video-preview:-1\" \/>\n<link rel=\"canonical\" href=\"https:\/\/lasnamaehambakliinik.ee\/meist\/koostoopartnerid\/\" \/>\n<meta property=\"og:locale\" content=\"ru_RU\" \/>\n<meta property=\"og:type\" content=\"article\" \/>\n<meta property=\"og:title\" content=\"\u041d\u0430\u0448\u0438 \u043f\u0430\u0440\u0442\u043d\u0435\u0440\u044b\" \/>\n<meta property=\"og:description\" content=\"Koost\u00f6\u00f6partnerid \u041d\u0430\u0448\u0438 \u043f\u0430\u0440\u0442\u043d\u0435\u0440\u044b Teeme koost\u00f6\u00f6d mitmede firmadega, et leida oma patsiendile k\u00f5ige sobivama lahenduse.\" \/>\n<meta property=\"og:url\" content=\"https:\/\/lasnamaehambakliinik.ee\/meist\/koostoopartnerid\/\" \/>\n<meta property=\"og:site_name\" content=\"Lasnam&auml;e Hambakliinik\" \/>\n<meta property=\"article:publisher\" content=\"https:\/\/www.facebook.com\/lasnamaehambakliinik\/\" \/>\n<meta property=\"article:modified_time\" content=\"2023-03-04T23:39:40+00:00\" \/>\n<meta property=\"og:image\" content=\"https:\/\/lasnamaehambakliinik.ee\/wp-content\/uploads\/2023\/02\/logo-1.gif\" \/>\n<meta name=\"twitter:card\" content=\"summary_large_image\" \/>\n<script type=\"application\/ld+json\" class=\"yoast-schema-graph\">{\"@context\":\"https:\\\/\\\/schema.org\",\"@graph\":[{\"@type\":\"WebPage\",\"@id\":\"https:\\\/\\\/lasnamaehambakliinik.ee\\\/meist\\\/koostoopartnerid\\\/\",\"url\":\"https:\\\/\\\/lasnamaehambakliinik.ee\\\/meist\\\/koostoopartnerid\\\/\",\"name\":\"\u041d\u0430\u0448\u0438 \u043f\u0430\u0440\u0442\u043d\u0435\u0440\u044b - Lasnam&auml;e Hambakliinik\",\"isPartOf\":{\"@id\":\"https:\\\/\\\/lasnamaehambakliinik.ee\\\/#website\"},\"primaryImageOfPage\":{\"@id\":\"https:\\\/\\\/lasnamaehambakliinik.ee\\\/meist\\\/koostoopartnerid\\\/#primaryimage\"},\"image\":{\"@id\":\"https:\\\/\\\/lasnamaehambakliinik.ee\\\/meist\\\/koostoopartnerid\\\/#primaryimage\"},\"thumbnailUrl\":\"https:\\\/\\\/lasnamaehambakliinik.ee\\\/wp-content\\\/uploads\\\/2023\\\/02\\\/logo-1.gif\",\"datePublished\":\"2023-03-04T23:39:39+00:00\",\"dateModified\":\"2023-03-04T23:39:40+00:00\",\"breadcrumb\":{\"@id\":\"https:\\\/\\\/lasnamaehambakliinik.ee\\\/meist\\\/koostoopartnerid\\\/#breadcrumb\"},\"inLanguage\":\"ru-RU\",\"potentialAction\":[{\"@type\":\"ReadAction\",\"target\":[\"https:\\\/\\\/lasnamaehambakliinik.ee\\\/meist\\\/koostoopartnerid\\\/\"]}]},{\"@type\":\"ImageObject\",\"inLanguage\":\"ru-RU\",\"@id\":\"https:\\\/\\\/lasnamaehambakliinik.ee\\\/meist\\\/koostoopartnerid\\\/#primaryimage\",\"url\":\"https:\\\/\\\/lasnamaehambakliinik.ee\\\/wp-content\\\/uploads\\\/2023\\\/02\\\/logo-1.gif\",\"contentUrl\":\"https:\\\/\\\/lasnamaehambakliinik.ee\\\/wp-content\\\/uploads\\\/2023\\\/02\\\/logo-1.gif\"},{\"@type\":\"BreadcrumbList\",\"@id\":\"https:\\\/\\\/lasnamaehambakliinik.ee\\\/meist\\\/koostoopartnerid\\\/#breadcrumb\",\"itemListElement\":[{\"@type\":\"ListItem\",\"position\":1,\"name\":\"Home\",\"item\":\"https:\\\/\\\/lasnamaehambakliinik.ee\\\/\"},{\"@type\":\"ListItem\",\"position\":2,\"name\":\"\u041e \u043d\u0430\u0441\",\"item\":\"https:\\\/\\\/lasnamaehambakliinik.ee\\\/meist\\\/\"},{\"@type\":\"ListItem\",\"position\":3,\"name\":\"\u041d\u0430\u0448\u0438 \u043f\u0430\u0440\u0442\u043d\u0435\u0440\u044b\"}]},{\"@type\":\"WebSite\",\"@id\":\"https:\\\/\\\/lasnamaehambakliinik.ee\\\/#website\",\"url\":\"https:\\\/\\\/lasnamaehambakliinik.ee\\\/\",\"name\":\"Lasnam&auml;e Hambakliinik\",\"description\":\"\",\"publisher\":{\"@id\":\"https:\\\/\\\/lasnamaehambakliinik.ee\\\/#organization\"},\"potentialAction\":[{\"@type\":\"SearchAction\",\"target\":{\"@type\":\"EntryPoint\",\"urlTemplate\":\"https:\\\/\\\/lasnamaehambakliinik.ee\\\/?s={search_term_string}\"},\"query-input\":{\"@type\":\"PropertyValueSpecification\",\"valueRequired\":true,\"valueName\":\"search_term_string\"}}],\"inLanguage\":\"ru-RU\"},{\"@type\":\"Organization\",\"@id\":\"https:\\\/\\\/lasnamaehambakliinik.ee\\\/#organization\",\"name\":\"Lasnam&auml;e Hambakliinik\",\"url\":\"https:\\\/\\\/lasnamaehambakliinik.ee\\\/\",\"logo\":{\"@type\":\"ImageObject\",\"inLanguage\":\"ru-RU\",\"@id\":\"https:\\\/\\\/lasnamaehambakliinik.ee\\\/#\\\/schema\\\/logo\\\/image\\\/\",\"url\":\"https:\\\/\\\/lasnamaehambakliinik.ee\\\/wp-content\\\/uploads\\\/2023\\\/02\\\/Logo-vaike-5.png\",\"contentUrl\":\"https:\\\/\\\/lasnamaehambakliinik.ee\\\/wp-content\\\/uploads\\\/2023\\\/02\\\/Logo-vaike-5.png\",\"width\":500,\"height\":120,\"caption\":\"Lasnam&auml;e Hambakliinik\"},\"image\":{\"@id\":\"https:\\\/\\\/lasnamaehambakliinik.ee\\\/#\\\/schema\\\/logo\\\/image\\\/\"},\"sameAs\":[\"https:\\\/\\\/www.facebook.com\\\/lasnamaehambakliinik\\\/\"]}]}<\/script>\n<!-- \/ Yoast SEO Premium plugin. -->","yoast_head_json":{"title":"\u041d\u0430\u0448\u0438 \u043f\u0430\u0440\u0442\u043d\u0435\u0440\u044b - Lasnam&auml;e Hambakliinik","robots":{"index":"index","follow":"follow","max-snippet":"max-snippet:-1","max-image-preview":"max-image-preview:large","max-video-preview":"max-video-preview:-1"},"canonical":"https:\/\/lasnamaehambakliinik.ee\/meist\/koostoopartnerid\/","og_locale":"ru_RU","og_type":"article","og_title":"\u041d\u0430\u0448\u0438 \u043f\u0430\u0440\u0442\u043d\u0435\u0440\u044b","og_description":"Koost\u00f6\u00f6partnerid \u041d\u0430\u0448\u0438 \u043f\u0430\u0440\u0442\u043d\u0435\u0440\u044b Teeme koost\u00f6\u00f6d mitmede firmadega, et leida oma patsiendile k\u00f5ige sobivama lahenduse.","og_url":"https:\/\/lasnamaehambakliinik.ee\/meist\/koostoopartnerid\/","og_site_name":"Lasnam&auml;e Hambakliinik","article_publisher":"https:\/\/www.facebook.com\/lasnamaehambakliinik\/","article_modified_time":"2023-03-04T23:39:40+00:00","og_image":[{"url":"https:\/\/lasnamaehambakliinik.ee\/wp-content\/uploads\/2023\/02\/logo-1.gif","type":"","width":"","height":""}],"twitter_card":"summary_large_image","schema":{"@context":"https:\/\/schema.org","@graph":[{"@type":"WebPage","@id":"https:\/\/lasnamaehambakliinik.ee\/meist\/koostoopartnerid\/","url":"https:\/\/lasnamaehambakliinik.ee\/meist\/koostoopartnerid\/","name":"\u041d\u0430\u0448\u0438 \u043f\u0430\u0440\u0442\u043d\u0435\u0440\u044b - Lasnam&auml;e Hambakliinik","isPartOf":{"@id":"https:\/\/lasnamaehambakliinik.ee\/#website"},"primaryImageOfPage":{"@id":"https:\/\/lasnamaehambakliinik.ee\/meist\/koostoopartnerid\/#primaryimage"},"image":{"@id":"https:\/\/lasnamaehambakliinik.ee\/meist\/koostoopartnerid\/#primaryimage"},"thumbnailUrl":"https:\/\/lasnamaehambakliinik.ee\/wp-content\/uploads\/2023\/02\/logo-1.gif","datePublished":"2023-03-04T23:39:39+00:00","dateModified":"2023-03-04T23:39:40+00:00","breadcrumb":{"@id":"https:\/\/lasnamaehambakliinik.ee\/meist\/koostoopartnerid\/#breadcrumb"},"inLanguage":"ru-RU","potentialAction":[{"@type":"ReadAction","target":["https:\/\/lasnamaehambakliinik.ee\/meist\/koostoopartnerid\/"]}]},{"@type":"ImageObject","inLanguage":"ru-RU","@id":"https:\/\/lasnamaehambakliinik.ee\/meist\/koostoopartnerid\/#primaryimage","url":"https:\/\/lasnamaehambakliinik.ee\/wp-content\/uploads\/2023\/02\/logo-1.gif","contentUrl":"https:\/\/lasnamaehambakliinik.ee\/wp-content\/uploads\/2023\/02\/logo-1.gif"},{"@type":"BreadcrumbList","@id":"https:\/\/lasnamaehambakliinik.ee\/meist\/koostoopartnerid\/#breadcrumb","itemListElement":[{"@type":"ListItem","position":1,"name":"Home","item":"https:\/\/lasnamaehambakliinik.ee\/"},{"@type":"ListItem","position":2,"name":"\u041e \u043d\u0430\u0441","item":"https:\/\/lasnamaehambakliinik.ee\/meist\/"},{"@type":"ListItem","position":3,"name":"\u041d\u0430\u0448\u0438 \u043f\u0430\u0440\u0442\u043d\u0435\u0440\u044b"}]},{"@type":"WebSite","@id":"https:\/\/lasnamaehambakliinik.ee\/#website","url":"https:\/\/lasnamaehambakliinik.ee\/","name":"Lasnam&auml;e Hambakliinik","description":"","publisher":{"@id":"https:\/\/lasnamaehambakliinik.ee\/#organization"},"potentialAction":[{"@type":"SearchAction","target":{"@type":"EntryPoint","urlTemplate":"https:\/\/lasnamaehambakliinik.ee\/?s={search_term_string}"},"query-input":{"@type":"PropertyValueSpecification","valueRequired":true,"valueName":"search_term_string"}}],"inLanguage":"ru-RU"},{"@type":"Organization","@id":"https:\/\/lasnamaehambakliinik.ee\/#organization","name":"Lasnam&auml;e Hambakliinik","url":"https:\/\/lasnamaehambakliinik.ee\/","logo":{"@type":"ImageObject","inLanguage":"ru-RU","@id":"https:\/\/lasnamaehambakliinik.ee\/#\/schema\/logo\/image\/","url":"https:\/\/lasnamaehambakliinik.ee\/wp-content\/uploads\/2023\/02\/Logo-vaike-5.png","contentUrl":"https:\/\/lasnamaehambakliinik.ee\/wp-content\/uploads\/2023\/02\/Logo-vaike-5.png","width":500,"height":120,"caption":"Lasnam&auml;e Hambakliinik"},"image":{"@id":"https:\/\/lasnamaehambakliinik.ee\/#\/schema\/logo\/image\/"},"sameAs":["https:\/\/www.facebook.com\/lasnamaehambakliinik\/"]}]}},"_links":{"self":[{"href":"https:\/\/lasnamaehambakliinik.ee\/ru\/wp-json\/wp\/v2\/pages\/2047","targetHints":{"allow":["GET"]}}],"collection":[{"href":"https:\/\/lasnamaehambakliinik.ee\/ru\/wp-json\/wp\/v2\/pages"}],"about":[{"href":"https:\/\/lasnamaehambakliinik.ee\/ru\/wp-json\/wp\/v2\/types\/page"}],"author":[{"embeddable":true,"href":"https:\/\/lasnamaehambakliinik.ee\/ru\/wp-json\/wp\/v2\/users\/1"}],"replies":[{"embeddable":true,"href":"https:\/\/lasnamaehambakliinik.ee\/ru\/wp-json\/wp\/v2\/comments?post=2047"}],"version-history":[{"count":1,"href":"https:\/\/lasnamaehambakliinik.ee\/ru\/wp-json\/wp\/v2\/pages\/2047\/revisions"}],"predecessor-version":[{"id":2048,"href":"https:\/\/lasnamaehambakliinik.ee\/ru\/wp-json\/wp\/v2\/pages\/2047\/revisions\/2048"}],"up":[{"embeddable":true,"href":"https:\/\/lasnamaehambakliinik.ee\/ru\/wp-json\/wp\/v2\/pages\/1496"}],"wp:attachment":[{"href":"https:\/\/lasnamaehambakliinik.ee\/ru\/wp-json\/wp\/v2\/media?parent=2047"}],"curies":[{"name":"wp","href":"https:\/\/api.w.org\/{rel}","templated":true}]}}