{"id":2454,"date":"2023-04-14T14:19:06","date_gmt":"2023-04-14T14:19:06","guid":{"rendered":"https:\/\/lasnamaehambakliinik.ee\/about-us\/dentists\/dr-oskar-daniel-remmelg\/"},"modified":"2025-11-25T20:27:05","modified_gmt":"2025-11-25T20:27:05","slug":"dr-oskar-daniel-remmelg","status":"publish","type":"page","link":"https:\/\/lasnamaehambakliinik.ee\/en\/about-us\/dentists\/dr-oskar-daniel-remmelg\/","title":{"rendered":"Dr. Oskar-Daniel Remmelg"},"content":{"rendered":"\t\t<div data-elementor-type=\"wp-page\" data-elementor-id=\"2454\" class=\"elementor elementor-2454 elementor-2367\" data-elementor-settings=\"{&quot;ha_cmc_init_switcher&quot;:&quot;no&quot;}\" data-elementor-post-type=\"page\">\n\t\t\t\t\t\t<section class=\"penci-section penci-dmcheck penci-elbg-activate penci-elbg-img penci-disSticky penci-structure-10 elementor-section elementor-top-section elementor-element elementor-element-236047a elementor-section-boxed elementor-section-height-default elementor-section-height-default\" data-id=\"236047a\" data-element_type=\"section\" data-e-type=\"section\" data-settings=\"{&quot;background_background&quot;:&quot;classic&quot;,&quot;shape_divider_bottom&quot;:&quot;pyramids&quot;,&quot;_ha_eqh_enable&quot;:false}\">\n\t\t\t\t\t\t\t<div class=\"elementor-background-overlay\"><\/div>\n\t\t\t\t\t\t<div class=\"elementor-shape elementor-shape-bottom\" aria-hidden=\"true\" data-negative=\"false\">\n\t\t\t<svg xmlns=\"http:\/\/www.w3.org\/2000\/svg\" viewBox=\"0 0 1000 100\" preserveAspectRatio=\"none\">\n\t<path class=\"elementor-shape-fill\" d=\"M761.9,44.1L643.1,27.2L333.8,98L0,3.8V0l1000,0v3.9\"\/>\n<\/svg>\t\t<\/div>\n\t\t\t\t\t<div class=\"elementor-container elementor-column-gap-no\">\n\t\t\t\t\t<div class=\"penci-ercol-100 penci-ercol-order-1 penci-sticky-ct    elementor-column elementor-col-100 elementor-top-column elementor-element elementor-element-152d885c\" data-id=\"152d885c\" data-element_type=\"column\" data-e-type=\"column\">\n\t\t\t<div class=\"elementor-widget-wrap elementor-element-populated\">\n\t\t\t\t\t\t<div class=\"elementor-element elementor-element-66bce932 elementor-widget elementor-widget-penci-fancy_heading\" data-id=\"66bce932\" data-element_type=\"widget\" data-e-type=\"widget\" data-widget_type=\"penci-fancy_heading.default\">\n\t\t\t\t<div class=\"elementor-widget-container\">\n\t\t\t\t\t\t\t<div class=\"penci-fancy-heading penci-heading-text-center\">\n\t\t\t<div class=\"penci-fancy-heading-inner\">\n\t\t\t\t<h2 class=\"penci-heading-title\"><span class=\"inner-tit\">Dr. Oskar-Daniel Remmelg\n<\/span><\/h2>\t\t\t<\/div>\n\t\t<\/div>\n\t\t\t\t\t\t<\/div>\n\t\t\t\t<\/div>\n\t\t\t\t\t<\/div>\n\t\t<\/div>\n\t\t\t\t\t<\/div>\n\t\t<\/section>\n\t\t\t\t<section class=\"penci-section penci-elbg-img penci-disSticky penci-structure-20 elementor-section elementor-top-section elementor-element elementor-element-7a61d66c elementor-section-boxed elementor-section-height-default elementor-section-height-default\" data-id=\"7a61d66c\" data-element_type=\"section\" data-e-type=\"section\" data-settings=\"{&quot;_ha_eqh_enable&quot;:false}\">\n\t\t\t\t\t\t\t<div class=\"elementor-background-overlay\"><\/div>\n\t\t\t\t\t\t\t<div class=\"elementor-container elementor-column-gap-default\">\n\t\t\t\t\t<div class=\"penci-ercol-50 penci-ercol-order-1 penci-sticky-ct    elementor-column elementor-col-50 elementor-top-column elementor-element elementor-element-65f28c10\" data-id=\"65f28c10\" data-element_type=\"column\" data-e-type=\"column\">\n\t\t\t<div class=\"elementor-widget-wrap elementor-element-populated\">\n\t\t\t\t\t\t<div class=\"elementor-element elementor-element-33ecce5f elementor-headline--style-highlight elementor-widget elementor-widget-animated-headline\" data-id=\"33ecce5f\" data-element_type=\"widget\" data-e-type=\"widget\" data-settings=\"{&quot;marker&quot;:&quot;underline_zigzag&quot;,&quot;highlighted_text&quot;:&quot;Oskar-Daniel Remmelg&quot;,&quot;highlight_animation_duration&quot;:1500,&quot;highlight_iteration_delay&quot;:10000,&quot;headline_style&quot;:&quot;highlight&quot;,&quot;loop&quot;:&quot;yes&quot;}\" data-widget_type=\"animated-headline.default\">\n\t\t\t\t<div class=\"elementor-widget-container\">\n\t\t\t\t\t\t\t<h3 class=\"elementor-headline\">\n\t\t\t\t\t<span class=\"elementor-headline-plain-text elementor-headline-text-wrapper\">Dr. <\/span>\n\t\t\t\t<span class=\"elementor-headline-dynamic-wrapper elementor-headline-text-wrapper\">\n\t\t\t\t\t<span class=\"elementor-headline-dynamic-text elementor-headline-text-active\">Oskar-Daniel Remmelg<\/span>\n\t\t\t\t<\/span>\n\t\t\t\t<\/h3>\n\t\t\t\t\t\t<\/div>\n\t\t\t\t<\/div>\n\t\t\t\t<div class=\"elementor-element elementor-element-3d6e3828 elementor-widget elementor-widget-text-editor\" data-id=\"3d6e3828\" data-element_type=\"widget\" data-e-type=\"widget\" data-widget_type=\"text-editor.default\">\n\t\t\t\t<div class=\"elementor-widget-container\">\n\t\t\t\t\t\t\t\t\t<p>Dentistry, prosthetics, oral surgery, gum treatment<\/p>\n\t\t\t\t\t\t\t\t<\/div>\n\t\t\t\t<\/div>\n\t\t\t\t<div class=\"elementor-element elementor-element-5acb7a93 elementor-tabs-view-horizontal elementor-widget elementor-widget-tabs\" data-id=\"5acb7a93\" data-element_type=\"widget\" data-e-type=\"widget\" data-widget_type=\"tabs.default\">\n\t\t\t\t<div class=\"elementor-widget-container\">\n\t\t\t\t\t\t\t<div class=\"elementor-tabs\">\n\t\t\t<div class=\"elementor-tabs-wrapper\" role=\"tablist\" >\n\t\t\t\t\t\t\t\t\t<div id=\"elementor-tab-title-1521\" class=\"elementor-tab-title elementor-tab-desktop-title\" aria-selected=\"true\" data-tab=\"1\" role=\"tab\" tabindex=\"0\" aria-controls=\"elementor-tab-content-1521\" aria-expanded=\"false\">Education<\/div>\n\t\t\t\t\t\t\t\t\t<div id=\"elementor-tab-title-1522\" class=\"elementor-tab-title elementor-tab-desktop-title\" aria-selected=\"false\" data-tab=\"2\" role=\"tab\" tabindex=\"-1\" aria-controls=\"elementor-tab-content-1522\" aria-expanded=\"false\">Experience<\/div>\n\t\t\t\t\t\t\t\t\t<div id=\"elementor-tab-title-1523\" class=\"elementor-tab-title elementor-tab-desktop-title\" aria-selected=\"false\" data-tab=\"3\" role=\"tab\" tabindex=\"-1\" aria-controls=\"elementor-tab-content-1523\" aria-expanded=\"false\">Professional courses<\/div>\n\t\t\t\t\t\t\t<\/div>\n\t\t\t<div class=\"elementor-tabs-content-wrapper\" role=\"tablist\" aria-orientation=\"vertical\">\n\t\t\t\t\t\t\t\t\t<div class=\"elementor-tab-title elementor-tab-mobile-title\" aria-selected=\"true\" data-tab=\"1\" role=\"tab\" tabindex=\"0\" aria-controls=\"elementor-tab-content-1521\" aria-expanded=\"false\">Education<\/div>\n\t\t\t\t\t<div id=\"elementor-tab-content-1521\" class=\"elementor-tab-content elementor-clearfix\" data-tab=\"1\" role=\"tabpanel\" aria-labelledby=\"elementor-tab-title-1521\" tabindex=\"0\" hidden=\"false\"><p><span style=\"font-weight: 400;\">2017-2022 Tartu \u00dclikool, arstiteaduskond, hambaarstiteaduste eriala<\/span><\/p><\/div>\n\t\t\t\t\t\t\t\t\t<div class=\"elementor-tab-title elementor-tab-mobile-title\" aria-selected=\"false\" data-tab=\"2\" role=\"tab\" tabindex=\"-1\" aria-controls=\"elementor-tab-content-1522\" aria-expanded=\"false\">Experience<\/div>\n\t\t\t\t\t<div id=\"elementor-tab-content-1522\" class=\"elementor-tab-content elementor-clearfix\" data-tab=\"2\" role=\"tabpanel\" aria-labelledby=\"elementor-tab-title-1522\" tabindex=\"0\" hidden=\"hidden\"><ul><li aria-level=\"1\"><p style=\"font-weight: 400;\">2024 \u2013 L\u00e4\u00e4nemere Hambakliinik<\/p><\/li><li aria-level=\"1\"><p style=\"font-weight: 400;\">2022 \u2013 Lasnam\u00e4e Hambakliinik O\u00dc, hambaarst<\/p><\/li><li aria-level=\"1\"><p style=\"font-weight: 400;\">2022 &#8211; 2024 Liidental O\u00dc, hambaarst<\/p><\/li><li aria-level=\"1\"><p style=\"font-weight: 400;\">2022 &#8211; 2024\u00a0Cardens O\u00dc, hambaarst<\/p><\/li><li aria-level=\"1\"><p style=\"font-weight: 400;\">2021-2022 Liidental O\u00dc(abiarst)<\/p><\/li><li aria-level=\"1\"><p style=\"font-weight: 400;\">2021-2022 M\u00e4e Hambaravi O\u00dc(abiarst)<\/p><\/li><li aria-level=\"1\"><p style=\"font-weight: 400;\">2021-2022 Cardens O\u00dc(abiarst)<\/p><\/li><li aria-level=\"1\"><p style=\"font-weight: 400;\">2020-2021 Cardens O\u00dc(suuh\u00fcgienist)<\/p><\/li><li aria-level=\"1\"><p style=\"font-weight: 400;\">2020 Denslux O\u00dc (hambaravi assistent)<\/p><\/li><li aria-level=\"1\"><p style=\"font-weight: 400;\">2019 Paju Hambaravi O\u00dc(hambaravi assistent)<\/p><\/li><\/ul><\/div>\n\t\t\t\t\t\t\t\t\t<div class=\"elementor-tab-title elementor-tab-mobile-title\" aria-selected=\"false\" data-tab=\"3\" role=\"tab\" tabindex=\"-1\" aria-controls=\"elementor-tab-content-1523\" aria-expanded=\"false\">Professional courses<\/div>\n\t\t\t\t\t<div id=\"elementor-tab-content-1523\" class=\"elementor-tab-content elementor-clearfix\" data-tab=\"3\" role=\"tabpanel\" aria-labelledby=\"elementor-tab-title-1523\" tabindex=\"0\" hidden=\"hidden\"><h3 style=\"font-weight: 400;\"><strong>2025<\/strong><\/h3><ul><li>Full mouth rehabilitation. Function and occlusion, Dr Maxim Belograd, Dr Andrii Klovanets<\/li><li>Manipulating soft tissue with vertical tooth preparation, Dr Stefano Konti<\/li><li>Pehmete kudede haldamine implantaatide \u00fcmber, Dr Ricardo Kern, korraldaja Baltic Academy of Esthetic Dentistry<\/li><li>Pehmete kudede \u00fclesehitamine, s\u00fcvitsi pehmete kudede haldamisse implantaatide \u00fcmber, Dr Ricardo Kern, korraldaja Baltic Academy of Esthetic Dentistry<\/li><li>MINEC Forum VI, korraldaja Proimplant O\u00dc<\/li><li>Praktiline mikrokirurgilise juureravi koolitus, Dr Vitali Gavrilin<\/li><li>All-on-4. All-on-6. Complete rehabilitation in complex clinical cases, Dr Roman Gudyma<\/li><\/ul><h3 style=\"font-weight: 400;\"><strong>2024<\/strong><\/h3><ul><li style=\"font-weight: 400;\">Luu ja pehmete kudede k\u00e4sitlemine, p\u00f5skkoopa p\u00f5hja t\u00f5stmine, Dr Vitalijs Gnusins, korraldaja Straumann Estonia O\u00dc<\/li><li style=\"font-weight: 400;\">Isiklikud kogemused Botiss materjalidega ja postaugmentatiivsete histoloogiliste uuringute tulemused, dr I\u0161tvan Lakato\u0161, korraldaja Proimplant O\u00dc<\/li><li style=\"font-weight: 400;\">Implant Microsurgery. Basic intensive course, Dr. Vladylen Tomashpolskyi<\/li><li style=\"font-weight: 400;\">Dental implantation &amp; prosthodontics, Dr Vitalij Gnusin, Straumann Estonia O\u00dc<\/li><li style=\"font-weight: 400;\">Densah puuride praktiline kursus, Dr Rainer Rannula, korraldaja Proimplant O\u00dc<\/li><\/ul><h3 style=\"font-weight: 400;\"><strong>2023<\/strong><\/h3><ul><li style=\"font-weight: 400;\">Perio-Prosthetic Management in Immediate Implant Therapy, dr Tomasz Kaczynski ja dr Maria Swiatkowska, korraldaja TT Dental O\u00dc<\/li><li style=\"font-weight: 400;\">BIG Prep Course. Mastering veneer, crown and overlay preparations, Dr Maxim Belograd<\/li><li style=\"font-weight: 400;\">BIG Veneer Course. Veneers from start to finish, Dr. Maxim Belograd<\/li><li style=\"font-weight: 400;\">BIG Endo-Resto course. Primary Endo, re-treatment, post-endo rehabilitation, Dr Maxim Belograd<\/li><li style=\"font-weight: 400;\">BIG Compo Course&amp;Isolation. Composite protocols for direct and indirect restorations &amp; rubberdam, Dr Maxim Belograd<\/li><li style=\"font-weight: 400;\">Dr Kristina Saarepera &#8211; Erinevad proteesimise tehnikad implantatsioonis, korraldaja Proimplant O\u00dc<\/li><li style=\"font-weight: 400;\">R2Gate baaskoolitus, dr Kristina Saarepera, Kristjan Lank, korraldaja Proimplant O\u00dc<\/li><li style=\"font-weight: 400;\">Direktsed restauratsioonid komposiidiga, dr Maria Stien Roomets, korraldaja Prodent O\u00dc<\/li><li style=\"font-weight: 400;\">Kogemuslood esimeste implantaatidega, dr Katrin Parisalu, dr Dmytro Dziuba, korraldaja Proimplant O\u00dc<\/li><\/ul><h3 style=\"font-weight: 400;\"><strong>2022<\/strong><\/h3><ul><li style=\"font-weight: 400;\">Dr Marjo Sinij\u00e4rve praktiline kursus \u201cKaasaegne endodontia\u201d, korraldaja Prodent O\u00dc<\/li><li style=\"font-weight: 400;\">The Management of Teeth Wear, dr Ieva Jelisejeva, korraldaja Prodent O\u00dc<\/li><li style=\"font-weight: 400;\">Composite Master, dr Serhat K\u00f6ken, korraldaja Prodent O\u00dc<\/li><li style=\"font-weight: 400;\">Dr Dmitri Ruzanov: Implantatsiooni 4- osaline kursus (I-IV moodul), korraldaja Proimplant O\u00dc<\/li><li style=\"font-weight: 400;\">Implantoloogia baaskursus, lektor Kristina Saarepera, korraldaja Proimplant O\u00dc<\/li><\/ul><h3 style=\"font-weight: 400;\"><strong>2021<\/strong><\/h3><ul><li style=\"font-weight: 400;\">Eesti Hambaarstide P\u00e4evad<\/li><\/ul><\/div>\n\t\t\t\t\t\t\t<\/div>\n\t\t<\/div>\n\t\t\t\t\t\t<\/div>\n\t\t\t\t<\/div>\n\t\t\t\t\t<\/div>\n\t\t<\/div>\n\t\t\t\t<div class=\"penci-ercol-50 penci-ercol-order-2 penci-sticky-ct    elementor-column elementor-col-50 elementor-top-column elementor-element elementor-element-62b04793\" data-id=\"62b04793\" data-element_type=\"column\" data-e-type=\"column\">\n\t\t\t<div class=\"elementor-widget-wrap elementor-element-populated\">\n\t\t\t\t\t\t<div class=\"elementor-element elementor-element-23b899c7 elementor-widget elementor-widget-image\" data-id=\"23b899c7\" data-element_type=\"widget\" data-e-type=\"widget\" data-widget_type=\"image.default\">\n\t\t\t\t<div class=\"elementor-widget-container\">\n\t\t\t\t\t\t\t\t\t\t\t\t\t\t\t<img fetchpriority=\"high\" decoding=\"async\" width=\"200\" height=\"300\" src=\"https:\/\/lasnamaehambakliinik.ee\/wp-content\/uploads\/2023\/02\/11.png\" class=\"attachment-full size-full wp-image-876\" alt=\"\" \/>\t\t\t\t\t\t\t\t\t\t\t\t\t\t\t<\/div>\n\t\t\t\t<\/div>\n\t\t\t\t\t<\/div>\n\t\t<\/div>\n\t\t\t\t\t<\/div>\n\t\t<\/section>\n\t\t\t\t<\/div>\n\t\t","protected":false},"excerpt":{"rendered":"<p>Dr. Oskar-Daniel Remmelg Dr. Oskar-Daniel Remmelg Dentistry, prosthetics, oral surgery, gum treatment Education Experience Professional courses Education 2017-2022 Tartu \u00dclikool, arstiteaduskond, hambaarstiteaduste eriala Experience 2024 \u2013 L\u00e4\u00e4nemere Hambakliinik 2022 \u2013&hellip;<\/p>\n","protected":false},"author":1,"featured_media":0,"parent":1752,"menu_order":0,"comment_status":"closed","ping_status":"closed","template":"elementor_header_footer","meta":{"_lmt_disableupdate":"","_lmt_disable":"","footnotes":""},"class_list":["post-2454","page","type-page","status-publish","hentry"],"yoast_head":"<!-- This site is optimized with the Yoast SEO Premium plugin v26.3 (Yoast SEO v27.3) - https:\/\/yoast.com\/product\/yoast-seo-premium-wordpress\/ -->\n<title>Dr. Oskar-Daniel Remmelg - Lasnam&auml;e Hambakliinik<\/title>\n<meta name=\"robots\" content=\"index, follow, max-snippet:-1, max-image-preview:large, max-video-preview:-1\" \/>\n<link rel=\"canonical\" href=\"https:\/\/lasnamaehambakliinik.ee\/meist\/arstid\/dr-oskar-daniel-remmelg\/\" \/>\n<meta property=\"og:locale\" content=\"en_US\" \/>\n<meta property=\"og:type\" content=\"article\" \/>\n<meta property=\"og:title\" content=\"Dr. Oskar-Daniel Remmelg\" \/>\n<meta property=\"og:description\" content=\"Dr. Oskar-Daniel Remmelg Dr. Oskar-Daniel Remmelg Dentistry, prosthetics, oral surgery, gum treatment Education Experience Professional courses Education 2017-2022 Tartu \u00dclikool, arstiteaduskond, hambaarstiteaduste eriala Experience 2024 \u2013 L\u00e4\u00e4nemere Hambakliinik 2022 \u2013&hellip;\" \/>\n<meta property=\"og:url\" content=\"https:\/\/lasnamaehambakliinik.ee\/meist\/arstid\/dr-oskar-daniel-remmelg\/\" \/>\n<meta property=\"og:site_name\" content=\"Lasnam&auml;e Hambakliinik\" \/>\n<meta property=\"article:publisher\" content=\"https:\/\/www.facebook.com\/lasnamaehambakliinik\/\" \/>\n<meta property=\"article:modified_time\" content=\"2025-11-25T20:27:05+00:00\" \/>\n<meta property=\"og:image\" content=\"https:\/\/lasnamaehambakliinik.ee\/wp-content\/uploads\/2023\/02\/11.png\" \/>\n\t<meta property=\"og:image:width\" content=\"200\" \/>\n\t<meta property=\"og:image:height\" content=\"300\" \/>\n\t<meta property=\"og:image:type\" content=\"image\/png\" \/>\n<meta name=\"twitter:card\" content=\"summary_large_image\" \/>\n<meta name=\"twitter:label1\" content=\"Est. reading time\" \/>\n\t<meta name=\"twitter:data1\" content=\"2 minutes\" \/>\n<script type=\"application\/ld+json\" class=\"yoast-schema-graph\">{\"@context\":\"https:\\\/\\\/schema.org\",\"@graph\":[{\"@type\":\"WebPage\",\"@id\":\"https:\\\/\\\/lasnamaehambakliinik.ee\\\/meist\\\/arstid\\\/dr-oskar-daniel-remmelg\\\/\",\"url\":\"https:\\\/\\\/lasnamaehambakliinik.ee\\\/meist\\\/arstid\\\/dr-oskar-daniel-remmelg\\\/\",\"name\":\"Dr. Oskar-Daniel Remmelg - Lasnam&auml;e Hambakliinik\",\"isPartOf\":{\"@id\":\"https:\\\/\\\/lasnamaehambakliinik.ee\\\/#website\"},\"primaryImageOfPage\":{\"@id\":\"https:\\\/\\\/lasnamaehambakliinik.ee\\\/meist\\\/arstid\\\/dr-oskar-daniel-remmelg\\\/#primaryimage\"},\"image\":{\"@id\":\"https:\\\/\\\/lasnamaehambakliinik.ee\\\/meist\\\/arstid\\\/dr-oskar-daniel-remmelg\\\/#primaryimage\"},\"thumbnailUrl\":\"https:\\\/\\\/lasnamaehambakliinik.ee\\\/wp-content\\\/uploads\\\/2023\\\/02\\\/11.png\",\"datePublished\":\"2023-04-14T14:19:06+00:00\",\"dateModified\":\"2025-11-25T20:27:05+00:00\",\"breadcrumb\":{\"@id\":\"https:\\\/\\\/lasnamaehambakliinik.ee\\\/meist\\\/arstid\\\/dr-oskar-daniel-remmelg\\\/#breadcrumb\"},\"inLanguage\":\"en-US\",\"potentialAction\":[{\"@type\":\"ReadAction\",\"target\":[\"https:\\\/\\\/lasnamaehambakliinik.ee\\\/meist\\\/arstid\\\/dr-oskar-daniel-remmelg\\\/\"]}]},{\"@type\":\"ImageObject\",\"inLanguage\":\"en-US\",\"@id\":\"https:\\\/\\\/lasnamaehambakliinik.ee\\\/meist\\\/arstid\\\/dr-oskar-daniel-remmelg\\\/#primaryimage\",\"url\":\"https:\\\/\\\/lasnamaehambakliinik.ee\\\/wp-content\\\/uploads\\\/2023\\\/02\\\/11.png\",\"contentUrl\":\"https:\\\/\\\/lasnamaehambakliinik.ee\\\/wp-content\\\/uploads\\\/2023\\\/02\\\/11.png\"},{\"@type\":\"BreadcrumbList\",\"@id\":\"https:\\\/\\\/lasnamaehambakliinik.ee\\\/meist\\\/arstid\\\/dr-oskar-daniel-remmelg\\\/#breadcrumb\",\"itemListElement\":[{\"@type\":\"ListItem\",\"position\":1,\"name\":\"Home\",\"item\":\"https:\\\/\\\/lasnamaehambakliinik.ee\\\/\"},{\"@type\":\"ListItem\",\"position\":2,\"name\":\"Our team\",\"item\":\"https:\\\/\\\/lasnamaehambakliinik.ee\\\/meist\\\/\"},{\"@type\":\"ListItem\",\"position\":3,\"name\":\"Dentists\",\"item\":\"https:\\\/\\\/lasnamaehambakliinik.ee\\\/meist\\\/arstid\\\/\"},{\"@type\":\"ListItem\",\"position\":4,\"name\":\"Dr. Oskar-Daniel Remmelg\"}]},{\"@type\":\"WebSite\",\"@id\":\"https:\\\/\\\/lasnamaehambakliinik.ee\\\/#website\",\"url\":\"https:\\\/\\\/lasnamaehambakliinik.ee\\\/\",\"name\":\"Lasnam&auml;e Hambakliinik\",\"description\":\"\",\"publisher\":{\"@id\":\"https:\\\/\\\/lasnamaehambakliinik.ee\\\/#organization\"},\"potentialAction\":[{\"@type\":\"SearchAction\",\"target\":{\"@type\":\"EntryPoint\",\"urlTemplate\":\"https:\\\/\\\/lasnamaehambakliinik.ee\\\/?s={search_term_string}\"},\"query-input\":{\"@type\":\"PropertyValueSpecification\",\"valueRequired\":true,\"valueName\":\"search_term_string\"}}],\"inLanguage\":\"en-US\"},{\"@type\":\"Organization\",\"@id\":\"https:\\\/\\\/lasnamaehambakliinik.ee\\\/#organization\",\"name\":\"Lasnam&auml;e Hambakliinik\",\"url\":\"https:\\\/\\\/lasnamaehambakliinik.ee\\\/\",\"logo\":{\"@type\":\"ImageObject\",\"inLanguage\":\"en-US\",\"@id\":\"https:\\\/\\\/lasnamaehambakliinik.ee\\\/#\\\/schema\\\/logo\\\/image\\\/\",\"url\":\"https:\\\/\\\/lasnamaehambakliinik.ee\\\/wp-content\\\/uploads\\\/2023\\\/02\\\/Logo-vaike-5.png\",\"contentUrl\":\"https:\\\/\\\/lasnamaehambakliinik.ee\\\/wp-content\\\/uploads\\\/2023\\\/02\\\/Logo-vaike-5.png\",\"width\":500,\"height\":120,\"caption\":\"Lasnam&auml;e Hambakliinik\"},\"image\":{\"@id\":\"https:\\\/\\\/lasnamaehambakliinik.ee\\\/#\\\/schema\\\/logo\\\/image\\\/\"},\"sameAs\":[\"https:\\\/\\\/www.facebook.com\\\/lasnamaehambakliinik\\\/\"]}]}<\/script>\n<!-- \/ Yoast SEO Premium plugin. -->","yoast_head_json":{"title":"Dr. Oskar-Daniel Remmelg - Lasnam&auml;e Hambakliinik","robots":{"index":"index","follow":"follow","max-snippet":"max-snippet:-1","max-image-preview":"max-image-preview:large","max-video-preview":"max-video-preview:-1"},"canonical":"https:\/\/lasnamaehambakliinik.ee\/meist\/arstid\/dr-oskar-daniel-remmelg\/","og_locale":"en_US","og_type":"article","og_title":"Dr. Oskar-Daniel Remmelg","og_description":"Dr. Oskar-Daniel Remmelg Dr. Oskar-Daniel Remmelg Dentistry, prosthetics, oral surgery, gum treatment Education Experience Professional courses Education 2017-2022 Tartu \u00dclikool, arstiteaduskond, hambaarstiteaduste eriala Experience 2024 \u2013 L\u00e4\u00e4nemere Hambakliinik 2022 \u2013&hellip;","og_url":"https:\/\/lasnamaehambakliinik.ee\/meist\/arstid\/dr-oskar-daniel-remmelg\/","og_site_name":"Lasnam&auml;e Hambakliinik","article_publisher":"https:\/\/www.facebook.com\/lasnamaehambakliinik\/","article_modified_time":"2025-11-25T20:27:05+00:00","og_image":[{"width":200,"height":300,"url":"https:\/\/lasnamaehambakliinik.ee\/wp-content\/uploads\/2023\/02\/11.png","type":"image\/png"}],"twitter_card":"summary_large_image","twitter_misc":{"Est. reading time":"2 minutes"},"schema":{"@context":"https:\/\/schema.org","@graph":[{"@type":"WebPage","@id":"https:\/\/lasnamaehambakliinik.ee\/meist\/arstid\/dr-oskar-daniel-remmelg\/","url":"https:\/\/lasnamaehambakliinik.ee\/meist\/arstid\/dr-oskar-daniel-remmelg\/","name":"Dr. Oskar-Daniel Remmelg - Lasnam&auml;e Hambakliinik","isPartOf":{"@id":"https:\/\/lasnamaehambakliinik.ee\/#website"},"primaryImageOfPage":{"@id":"https:\/\/lasnamaehambakliinik.ee\/meist\/arstid\/dr-oskar-daniel-remmelg\/#primaryimage"},"image":{"@id":"https:\/\/lasnamaehambakliinik.ee\/meist\/arstid\/dr-oskar-daniel-remmelg\/#primaryimage"},"thumbnailUrl":"https:\/\/lasnamaehambakliinik.ee\/wp-content\/uploads\/2023\/02\/11.png","datePublished":"2023-04-14T14:19:06+00:00","dateModified":"2025-11-25T20:27:05+00:00","breadcrumb":{"@id":"https:\/\/lasnamaehambakliinik.ee\/meist\/arstid\/dr-oskar-daniel-remmelg\/#breadcrumb"},"inLanguage":"en-US","potentialAction":[{"@type":"ReadAction","target":["https:\/\/lasnamaehambakliinik.ee\/meist\/arstid\/dr-oskar-daniel-remmelg\/"]}]},{"@type":"ImageObject","inLanguage":"en-US","@id":"https:\/\/lasnamaehambakliinik.ee\/meist\/arstid\/dr-oskar-daniel-remmelg\/#primaryimage","url":"https:\/\/lasnamaehambakliinik.ee\/wp-content\/uploads\/2023\/02\/11.png","contentUrl":"https:\/\/lasnamaehambakliinik.ee\/wp-content\/uploads\/2023\/02\/11.png"},{"@type":"BreadcrumbList","@id":"https:\/\/lasnamaehambakliinik.ee\/meist\/arstid\/dr-oskar-daniel-remmelg\/#breadcrumb","itemListElement":[{"@type":"ListItem","position":1,"name":"Home","item":"https:\/\/lasnamaehambakliinik.ee\/"},{"@type":"ListItem","position":2,"name":"Our team","item":"https:\/\/lasnamaehambakliinik.ee\/meist\/"},{"@type":"ListItem","position":3,"name":"Dentists","item":"https:\/\/lasnamaehambakliinik.ee\/meist\/arstid\/"},{"@type":"ListItem","position":4,"name":"Dr. Oskar-Daniel Remmelg"}]},{"@type":"WebSite","@id":"https:\/\/lasnamaehambakliinik.ee\/#website","url":"https:\/\/lasnamaehambakliinik.ee\/","name":"Lasnam&auml;e Hambakliinik","description":"","publisher":{"@id":"https:\/\/lasnamaehambakliinik.ee\/#organization"},"potentialAction":[{"@type":"SearchAction","target":{"@type":"EntryPoint","urlTemplate":"https:\/\/lasnamaehambakliinik.ee\/?s={search_term_string}"},"query-input":{"@type":"PropertyValueSpecification","valueRequired":true,"valueName":"search_term_string"}}],"inLanguage":"en-US"},{"@type":"Organization","@id":"https:\/\/lasnamaehambakliinik.ee\/#organization","name":"Lasnam&auml;e Hambakliinik","url":"https:\/\/lasnamaehambakliinik.ee\/","logo":{"@type":"ImageObject","inLanguage":"en-US","@id":"https:\/\/lasnamaehambakliinik.ee\/#\/schema\/logo\/image\/","url":"https:\/\/lasnamaehambakliinik.ee\/wp-content\/uploads\/2023\/02\/Logo-vaike-5.png","contentUrl":"https:\/\/lasnamaehambakliinik.ee\/wp-content\/uploads\/2023\/02\/Logo-vaike-5.png","width":500,"height":120,"caption":"Lasnam&auml;e Hambakliinik"},"image":{"@id":"https:\/\/lasnamaehambakliinik.ee\/#\/schema\/logo\/image\/"},"sameAs":["https:\/\/www.facebook.com\/lasnamaehambakliinik\/"]}]}},"_links":{"self":[{"href":"https:\/\/lasnamaehambakliinik.ee\/en\/wp-json\/wp\/v2\/pages\/2454","targetHints":{"allow":["GET"]}}],"collection":[{"href":"https:\/\/lasnamaehambakliinik.ee\/en\/wp-json\/wp\/v2\/pages"}],"about":[{"href":"https:\/\/lasnamaehambakliinik.ee\/en\/wp-json\/wp\/v2\/types\/page"}],"author":[{"embeddable":true,"href":"https:\/\/lasnamaehambakliinik.ee\/en\/wp-json\/wp\/v2\/users\/1"}],"replies":[{"embeddable":true,"href":"https:\/\/lasnamaehambakliinik.ee\/en\/wp-json\/wp\/v2\/comments?post=2454"}],"version-history":[{"count":16,"href":"https:\/\/lasnamaehambakliinik.ee\/en\/wp-json\/wp\/v2\/pages\/2454\/revisions"}],"predecessor-version":[{"id":3054,"href":"https:\/\/lasnamaehambakliinik.ee\/en\/wp-json\/wp\/v2\/pages\/2454\/revisions\/3054"}],"up":[{"embeddable":true,"href":"https:\/\/lasnamaehambakliinik.ee\/en\/wp-json\/wp\/v2\/pages\/1752"}],"wp:attachment":[{"href":"https:\/\/lasnamaehambakliinik.ee\/en\/wp-json\/wp\/v2\/media?parent=2454"}],"curies":[{"name":"wp","href":"https:\/\/api.w.org\/{rel}","templated":true}]}}