{"id":1747,"date":"2023-02-26T18:05:55","date_gmt":"2023-02-26T18:05:55","guid":{"rendered":"https:\/\/lasnamaehambakliinik.ee\/?page_id=1747"},"modified":"2025-01-09T19:35:16","modified_gmt":"2025-01-09T19:35:16","slug":"about-us","status":"publish","type":"page","link":"https:\/\/lasnamaehambakliinik.ee\/en\/about-us\/","title":{"rendered":"Our team"},"content":{"rendered":"\t\t<div data-elementor-type=\"wp-page\" data-elementor-id=\"1747\" class=\"elementor elementor-1747 elementor-463\" data-elementor-settings=\"{&quot;ha_cmc_init_switcher&quot;:&quot;no&quot;}\" data-elementor-post-type=\"page\">\n\t\t\t\t\t\t<section class=\"penci-section penci-dmcheck penci-elbg-activate penci-elbg-img penci-disSticky penci-structure-10 elementor-section elementor-top-section elementor-element elementor-element-37546590 elementor-section-boxed elementor-section-height-default elementor-section-height-default\" data-id=\"37546590\" data-element_type=\"section\" data-e-type=\"section\" data-settings=\"{&quot;background_background&quot;:&quot;classic&quot;,&quot;shape_divider_bottom&quot;:&quot;pyramids&quot;,&quot;_ha_eqh_enable&quot;:false}\">\n\t\t\t\t\t\t\t<div class=\"elementor-background-overlay\"><\/div>\n\t\t\t\t\t\t<div class=\"elementor-shape elementor-shape-bottom\" aria-hidden=\"true\" data-negative=\"false\">\n\t\t\t<svg xmlns=\"http:\/\/www.w3.org\/2000\/svg\" viewBox=\"0 0 1000 100\" preserveAspectRatio=\"none\">\n\t<path class=\"elementor-shape-fill\" d=\"M761.9,44.1L643.1,27.2L333.8,98L0,3.8V0l1000,0v3.9\"\/>\n<\/svg>\t\t<\/div>\n\t\t\t\t\t<div class=\"elementor-container elementor-column-gap-no\">\n\t\t\t\t\t<div class=\"penci-ercol-100 penci-ercol-order-1 penci-sticky-ct    elementor-column elementor-col-100 elementor-top-column elementor-element elementor-element-2ff4ceef\" data-id=\"2ff4ceef\" data-element_type=\"column\" data-e-type=\"column\">\n\t\t\t<div class=\"elementor-widget-wrap elementor-element-populated\">\n\t\t\t\t\t\t<div class=\"elementor-element elementor-element-453cf7c8 elementor-widget elementor-widget-penci-fancy_heading\" data-id=\"453cf7c8\" data-element_type=\"widget\" data-e-type=\"widget\" data-widget_type=\"penci-fancy_heading.default\">\n\t\t\t\t<div class=\"elementor-widget-container\">\n\t\t\t\t\t\t\t<div class=\"penci-fancy-heading penci-heading-text-center\">\n\t\t\t<div class=\"penci-fancy-heading-inner\">\n\t\t\t\t<h2 class=\"penci-heading-title\"><span class=\"inner-tit\">Meist<\/span><\/h2>\t\t\t<\/div>\n\t\t<\/div>\n\t\t\t\t\t\t<\/div>\n\t\t\t\t<\/div>\n\t\t\t\t\t<\/div>\n\t\t<\/div>\n\t\t\t\t\t<\/div>\n\t\t<\/section>\n\t\t\t\t<section class=\"penci-section penci-disSticky penci-structure-10 elementor-section elementor-top-section elementor-element elementor-element-e5ff173 elementor-section-boxed elementor-section-height-default elementor-section-height-default\" data-id=\"e5ff173\" data-element_type=\"section\" data-e-type=\"section\" data-settings=\"{&quot;shape_divider_bottom&quot;:&quot;pyramids&quot;,&quot;shape_divider_bottom_negative&quot;:&quot;yes&quot;,&quot;_ha_eqh_enable&quot;:false}\">\n\t\t\t\t\t<div class=\"elementor-shape elementor-shape-bottom\" aria-hidden=\"true\" data-negative=\"true\">\n\t\t\t<svg xmlns=\"http:\/\/www.w3.org\/2000\/svg\" viewBox=\"0 0 1000 100\" preserveAspectRatio=\"none\">\n\t<path class=\"elementor-shape-fill\" d=\"M761.9,40.6L643.1,24L333.9,93.8L0.1,1H0v99h1000V1\"\/>\n<\/svg>\t\t<\/div>\n\t\t\t\t\t<div class=\"elementor-container elementor-column-gap-no\">\n\t\t\t\t\t<div class=\"penci-ercol-100 penci-ercol-order-1 penci-sticky-ct    elementor-column elementor-col-100 elementor-top-column elementor-element elementor-element-b754786\" data-id=\"b754786\" data-element_type=\"column\" data-e-type=\"column\">\n\t\t\t<div class=\"elementor-widget-wrap elementor-element-populated\">\n\t\t\t\t\t\t<section class=\"penci-section penci-disSticky penci-structure-20 elementor-section elementor-inner-section elementor-element elementor-element-b5ca7b2 elementor-section-boxed elementor-section-height-default elementor-section-height-default\" data-id=\"b5ca7b2\" data-element_type=\"section\" data-e-type=\"section\" data-settings=\"{&quot;_ha_eqh_enable&quot;:false}\">\n\t\t\t\t\t\t<div class=\"elementor-container elementor-column-gap-default\">\n\t\t\t\t\t<div class=\"penci-ercol-50 penci-ercol-order-1 penci-sticky-ct    elementor-column elementor-col-50 elementor-inner-column elementor-element elementor-element-6b23407\" data-id=\"6b23407\" data-element_type=\"column\" data-e-type=\"column\">\n\t\t\t<div class=\"elementor-widget-wrap elementor-element-populated\">\n\t\t\t\t\t\t<div class=\"elementor-element elementor-element-2a02502 elementor-headline--style-highlight elementor-widget elementor-widget-animated-headline\" data-id=\"2a02502\" data-element_type=\"widget\" data-e-type=\"widget\" data-settings=\"{&quot;marker&quot;:&quot;underline_zigzag&quot;,&quot;highlighted_text&quot;:&quot;t\\u00e4isteenust pakkuv hambaravikliinik. &quot;,&quot;highlight_animation_duration&quot;:1500,&quot;highlight_iteration_delay&quot;:10000,&quot;headline_style&quot;:&quot;highlight&quot;,&quot;loop&quot;:&quot;yes&quot;}\" data-widget_type=\"animated-headline.default\">\n\t\t\t\t<div class=\"elementor-widget-container\">\n\t\t\t\t\t\t\t<h3 class=\"elementor-headline\">\n\t\t\t\t\t<span class=\"elementor-headline-plain-text elementor-headline-text-wrapper\">Hambakliinik on <\/span>\n\t\t\t\t<span class=\"elementor-headline-dynamic-wrapper elementor-headline-text-wrapper\">\n\t\t\t\t\t<span class=\"elementor-headline-dynamic-text elementor-headline-text-active\">t\u00e4isteenust pakkuv hambaravikliinik. <\/span>\n\t\t\t\t<\/span>\n\t\t\t\t<\/h3>\n\t\t\t\t\t\t<\/div>\n\t\t\t\t<\/div>\n\t\t\t\t<div class=\"elementor-element elementor-element-7e71d1e elementor-widget elementor-widget-text-editor\" data-id=\"7e71d1e\" data-element_type=\"widget\" data-e-type=\"widget\" data-widget_type=\"text-editor.default\">\n\t\t\t\t<div class=\"elementor-widget-container\">\n\t\t\t\t\t\t\t\t\t<p>Meie arstid abistavad ja n\u00f5ustavad hambaravik\u00fcsimustes nii t\u00e4iskasvanuid kui ka lapsi, l\u00e4htudes patsiendi soovidest ning meie kogemustest ja v\u00f5imalustest.<\/p>\n<p>Lasnam\u00e4e Hambakliinikus kasutatavad seadmed, masinad ja materjalid on kaasaegsed, kvaliteetsed ning personal kogenud.<\/p>\n<p>\u00a0<\/p>\n<p>Teeme koost\u00f6\u00f6d mitmete erialade spetsialistidega, et leida lahendus isegi k\u00f5ige keerukamale juhtumile. T\u00e4nu meie kost\u00f6\u00f6partneritele on meil v\u00f5imalus pakkuda oma patsientidele <strong>ortodontilist ravi<\/strong> partnerkliinikus.<\/p>\n<p>\u00a0<\/p>\n<p>Et tagada parimat tulemust, t\u00e4iendab meie personal ennast pidevalt koolitustel nii Eestis kui ka v\u00e4lismaal.<\/p>\n\t\t\t\t\t\t\t\t<\/div>\n\t\t\t\t<\/div>\n\t\t\t\t\t<\/div>\n\t\t<\/div>\n\t\t\t\t<div class=\"penci-ercol-50 penci-ercol-order-2 penci-sticky-ct    elementor-column elementor-col-50 elementor-inner-column elementor-element elementor-element-3e3223b\" data-id=\"3e3223b\" data-element_type=\"column\" data-e-type=\"column\">\n\t\t\t<div class=\"elementor-widget-wrap elementor-element-populated\">\n\t\t\t\t\t\t<div class=\"elementor-element elementor-element-cda04c4 elementor-position-top elementor-widget elementor-widget-image-box\" data-id=\"cda04c4\" data-element_type=\"widget\" data-e-type=\"widget\" data-widget_type=\"image-box.default\">\n\t\t\t\t<div class=\"elementor-widget-container\">\n\t\t\t\t\t<div class=\"elementor-image-box-wrapper\"><figure class=\"elementor-image-box-img\"><img fetchpriority=\"high\" decoding=\"async\" width=\"768\" height=\"512\" src=\"https:\/\/lasnamaehambakliinik.ee\/wp-content\/uploads\/2023\/02\/Image00011-768x512.jpg\" class=\"attachment-medium_large size-medium_large wp-image-996\" alt=\"\" srcset=\"https:\/\/lasnamaehambakliinik.ee\/wp-content\/uploads\/2023\/02\/Image00011-768x512.jpg 768w, https:\/\/lasnamaehambakliinik.ee\/wp-content\/uploads\/2023\/02\/Image00011-300x200.jpg 300w, https:\/\/lasnamaehambakliinik.ee\/wp-content\/uploads\/2023\/02\/Image00011-1024x683.jpg 1024w, https:\/\/lasnamaehambakliinik.ee\/wp-content\/uploads\/2023\/02\/Image00011-1170x780.jpg 1170w, https:\/\/lasnamaehambakliinik.ee\/wp-content\/uploads\/2023\/02\/Image00011-585x390.jpg 585w, https:\/\/lasnamaehambakliinik.ee\/wp-content\/uploads\/2023\/02\/Image00011-263x175.jpg 263w, https:\/\/lasnamaehambakliinik.ee\/wp-content\/uploads\/2023\/02\/Image00011.jpg 1500w\" sizes=\"(max-width: 768px) 100vw, 768px\" \/><\/figure><\/div>\t\t\t\t<\/div>\n\t\t\t\t<\/div>\n\t\t\t\t\t<\/div>\n\t\t<\/div>\n\t\t\t\t\t<\/div>\n\t\t<\/section>\n\t\t\t\t\t<\/div>\n\t\t<\/div>\n\t\t\t\t\t<\/div>\n\t\t<\/section>\n\t\t\t\t<section class=\"penci-section penci-dmcheck penci-elbg-activate penci-disSticky penci-structure-10 elementor-section elementor-top-section elementor-element elementor-element-a61f883 elementor-section-boxed elementor-section-height-default elementor-section-height-default\" data-id=\"a61f883\" data-element_type=\"section\" data-e-type=\"section\" data-settings=\"{&quot;background_background&quot;:&quot;classic&quot;,&quot;shape_divider_top&quot;:&quot;pyramids&quot;,&quot;_ha_eqh_enable&quot;:false}\">\n\t\t\t\t\t<div class=\"elementor-shape elementor-shape-top\" aria-hidden=\"true\" data-negative=\"false\">\n\t\t\t<svg xmlns=\"http:\/\/www.w3.org\/2000\/svg\" viewBox=\"0 0 1000 100\" preserveAspectRatio=\"none\">\n\t<path class=\"elementor-shape-fill\" d=\"M761.9,44.1L643.1,27.2L333.8,98L0,3.8V0l1000,0v3.9\"\/>\n<\/svg>\t\t<\/div>\n\t\t\t\t\t<div class=\"elementor-container elementor-column-gap-no\">\n\t\t\t\t\t<div class=\"penci-ercol-100 penci-ercol-order-1 penci-sticky-ct    elementor-column elementor-col-100 elementor-top-column elementor-element elementor-element-b8b7dac\" data-id=\"b8b7dac\" data-element_type=\"column\" data-e-type=\"column\">\n\t\t\t<div class=\"elementor-widget-wrap elementor-element-populated\">\n\t\t\t\t\t\t<div class=\"elementor-element elementor-element-36f2485 elementor-headline--style-highlight elementor-widget elementor-widget-animated-headline\" data-id=\"36f2485\" data-element_type=\"widget\" data-e-type=\"widget\" data-settings=\"{&quot;marker&quot;:&quot;underline_zigzag&quot;,&quot;highlighted_text&quot;:&quot;team&quot;,&quot;highlight_animation_duration&quot;:1500,&quot;highlight_iteration_delay&quot;:10000,&quot;headline_style&quot;:&quot;highlight&quot;,&quot;loop&quot;:&quot;yes&quot;}\" data-widget_type=\"animated-headline.default\">\n\t\t\t\t<div class=\"elementor-widget-container\">\n\t\t\t\t\t\t\t<h3 class=\"elementor-headline\">\n\t\t\t\t\t<span class=\"elementor-headline-plain-text elementor-headline-text-wrapper\">Our<\/span>\n\t\t\t\t<span class=\"elementor-headline-dynamic-wrapper elementor-headline-text-wrapper\">\n\t\t\t\t\t<span class=\"elementor-headline-dynamic-text elementor-headline-text-active\">team<\/span>\n\t\t\t\t<\/span>\n\t\t\t\t<\/h3>\n\t\t\t\t\t\t<\/div>\n\t\t\t\t<\/div>\n\t\t\t\t<section class=\"penci-section penci-disSticky penci-structure-30 elementor-section elementor-inner-section elementor-element elementor-element-33c3c86 elementor-section-boxed elementor-section-height-default elementor-section-height-default\" data-id=\"33c3c86\" data-element_type=\"section\" data-e-type=\"section\" data-settings=\"{&quot;_ha_eqh_enable&quot;:false}\">\n\t\t\t\t\t\t<div class=\"elementor-container elementor-column-gap-default\">\n\t\t\t\t\t<div class=\"penci-ercol-33 penci-ercol-order-1 penci-sticky-sb penci-sidebarSC   elementor-column elementor-col-33 elementor-inner-column elementor-element elementor-element-3466521\" data-id=\"3466521\" data-element_type=\"column\" data-e-type=\"column\">\n\t\t\t<div class=\"elementor-widget-wrap elementor-element-populated\">\n\t\t\t\t\t\t<div class=\"elementor-element elementor-element-701406e elementor-position-top elementor-widget elementor-widget-image-box\" data-id=\"701406e\" data-element_type=\"widget\" data-e-type=\"widget\" data-widget_type=\"image-box.default\">\n\t\t\t\t<div class=\"elementor-widget-container\">\n\t\t\t\t\t<div class=\"elementor-image-box-wrapper\"><figure class=\"elementor-image-box-img\"><a href=\"https:\/\/lasnamaehambakliinik.ee\/en\/about-us\/dentists\/dr-tarmo-marrandi\/\" tabindex=\"-1\"><img decoding=\"async\" width=\"214\" height=\"299\" src=\"https:\/\/lasnamaehambakliinik.ee\/wp-content\/uploads\/2023\/02\/4.png\" class=\"attachment-medium_large size-medium_large wp-image-888\" alt=\"\" \/><\/a><\/figure><div class=\"elementor-image-box-content\"><h3 class=\"elementor-image-box-title\"><a href=\"https:\/\/lasnamaehambakliinik.ee\/en\/about-us\/dentists\/dr-tarmo-marrandi\/\">Dr. Tarmo Marrandi <\/a><\/h3><p class=\"elementor-image-box-description\"><b>Chief of Staff<\/b><br>\ndentistry, prosthetics, surgery<\/p><\/div><\/div>\t\t\t\t<\/div>\n\t\t\t\t<\/div>\n\t\t\t\t\t<\/div>\n\t\t<\/div>\n\t\t\t\t<div class=\"penci-ercol-33 penci-ercol-order-2 penci-sticky-sb penci-sidebarSC   elementor-column elementor-col-33 elementor-inner-column elementor-element elementor-element-adcb69d\" data-id=\"adcb69d\" data-element_type=\"column\" data-e-type=\"column\">\n\t\t\t<div class=\"elementor-widget-wrap elementor-element-populated\">\n\t\t\t\t\t\t<div class=\"elementor-element elementor-element-b078645 elementor-position-top elementor-widget elementor-widget-image-box\" data-id=\"b078645\" data-element_type=\"widget\" data-e-type=\"widget\" data-widget_type=\"image-box.default\">\n\t\t\t\t<div class=\"elementor-widget-container\">\n\t\t\t\t\t<div class=\"elementor-image-box-wrapper\"><figure class=\"elementor-image-box-img\"><a href=\"https:\/\/lasnamaehambakliinik.ee\/en\/about-us\/dentists\/dr-natalja-kahest\/\" tabindex=\"-1\"><img decoding=\"async\" width=\"215\" height=\"300\" src=\"https:\/\/lasnamaehambakliinik.ee\/wp-content\/uploads\/2023\/02\/5.png\" class=\"elementor-animation-grow attachment-medium_large size-medium_large wp-image-891\" alt=\"\" \/><\/a><\/figure><div class=\"elementor-image-box-content\"><h3 class=\"elementor-image-box-title\"><a href=\"https:\/\/lasnamaehambakliinik.ee\/en\/about-us\/dentists\/dr-natalja-kahest\/\">Natalja Kahest<\/a><\/h3><p class=\"elementor-image-box-description\">Oral hygienist [...]<\/p><\/div><\/div>\t\t\t\t<\/div>\n\t\t\t\t<\/div>\n\t\t\t\t\t<\/div>\n\t\t<\/div>\n\t\t\t\t<div class=\"penci-ercol-33 penci-ercol-order-3 penci-sticky-sb penci-sidebarSC   elementor-column elementor-col-33 elementor-inner-column elementor-element elementor-element-0301745\" data-id=\"0301745\" data-element_type=\"column\" data-e-type=\"column\">\n\t\t\t<div class=\"elementor-widget-wrap elementor-element-populated\">\n\t\t\t\t\t\t<div class=\"elementor-element elementor-element-bf031e7 elementor-position-top elementor-widget elementor-widget-image-box\" data-id=\"bf031e7\" data-element_type=\"widget\" data-e-type=\"widget\" data-widget_type=\"image-box.default\">\n\t\t\t\t<div class=\"elementor-widget-container\">\n\t\t\t\t\t<div class=\"elementor-image-box-wrapper\"><figure class=\"elementor-image-box-img\"><a href=\"https:\/\/lasnamaehambakliinik.ee\/en\/about-us\/dentists\/dr-mailis-liige\/\" tabindex=\"-1\"><img loading=\"lazy\" decoding=\"async\" width=\"200\" height=\"300\" src=\"https:\/\/lasnamaehambakliinik.ee\/wp-content\/uploads\/2023\/02\/7.png\" class=\"attachment-medium_large size-medium_large wp-image-864\" alt=\"\" \/><\/a><\/figure><div class=\"elementor-image-box-content\"><h3 class=\"elementor-image-box-title\"><a href=\"https:\/\/lasnamaehambakliinik.ee\/en\/about-us\/dentists\/dr-mailis-liige\/\">Dr. Mailis Liige<\/a><\/h3><p class=\"elementor-image-box-description\">dental treatment, root canal treatment, gum treatment<\/p><\/div><\/div>\t\t\t\t<\/div>\n\t\t\t\t<\/div>\n\t\t\t\t\t<\/div>\n\t\t<\/div>\n\t\t\t\t\t<\/div>\n\t\t<\/section>\n\t\t\t\t<div class=\"elementor-element elementor-element-3c0919e elementor-align-center elementor-widget elementor-widget-button\" data-id=\"3c0919e\" data-element_type=\"widget\" data-e-type=\"widget\" data-widget_type=\"button.default\">\n\t\t\t\t<div class=\"elementor-widget-container\">\n\t\t\t\t\t\t\t\t\t<div class=\"elementor-button-wrapper\">\n\t\t\t\t\t<a class=\"elementor-button elementor-button-link elementor-size-lg\" href=\"https:\/\/lasnamaehambakliinik.ee\/en\/about-us\/dentists\/\">\n\t\t\t\t\t\t<span class=\"elementor-button-content-wrapper\">\n\t\t\t\t\t\t\t\t\t<span class=\"elementor-button-text\">Vaata kogu meeskonda<\/span>\n\t\t\t\t\t<\/span>\n\t\t\t\t\t<\/a>\n\t\t\t\t<\/div>\n\t\t\t\t\t\t\t\t<\/div>\n\t\t\t\t<\/div>\n\t\t\t\t\t<\/div>\n\t\t<\/div>\n\t\t\t\t\t<\/div>\n\t\t<\/section>\n\t\t\t\t<\/div>\n\t\t","protected":false},"excerpt":{"rendered":"<p>Meist Hambakliinik on t\u00e4isteenust pakkuv hambaravikliinik. Meie arstid abistavad ja n\u00f5ustavad hambaravik\u00fcsimustes nii t\u00e4iskasvanuid kui ka lapsi, l\u00e4htudes patsiendi soovidest ning meie kogemustest ja v\u00f5imalustest. Lasnam\u00e4e Hambakliinikus kasutatavad seadmed, masinad&hellip;<\/p>\n","protected":false},"author":1,"featured_media":0,"parent":0,"menu_order":2,"comment_status":"closed","ping_status":"closed","template":"elementor_header_footer","meta":{"_lmt_disableupdate":"","_lmt_disable":"","footnotes":""},"class_list":["post-1747","page","type-page","status-publish","hentry"],"yoast_head":"<!-- This site is optimized with the Yoast SEO Premium plugin v26.3 (Yoast SEO v27.4) - https:\/\/yoast.com\/product\/yoast-seo-premium-wordpress\/ -->\n<title>Our team - Lasnam&auml;e Hambakliinik<\/title>\n<meta name=\"robots\" content=\"index, follow, max-snippet:-1, max-image-preview:large, max-video-preview:-1\" \/>\n<link rel=\"canonical\" href=\"https:\/\/lasnamaehambakliinik.ee\/meist\/\" \/>\n<meta property=\"og:locale\" content=\"en_US\" \/>\n<meta property=\"og:type\" content=\"article\" \/>\n<meta property=\"og:title\" content=\"Our team\" \/>\n<meta property=\"og:description\" content=\"Meist Hambakliinik on t\u00e4isteenust pakkuv hambaravikliinik. Meie arstid abistavad ja n\u00f5ustavad hambaravik\u00fcsimustes nii t\u00e4iskasvanuid kui ka lapsi, l\u00e4htudes patsiendi soovidest ning meie kogemustest ja v\u00f5imalustest. Lasnam\u00e4e Hambakliinikus kasutatavad seadmed, masinad&hellip;\" \/>\n<meta property=\"og:url\" content=\"https:\/\/lasnamaehambakliinik.ee\/meist\/\" \/>\n<meta property=\"og:site_name\" content=\"Lasnam&auml;e Hambakliinik\" \/>\n<meta property=\"article:publisher\" content=\"https:\/\/www.facebook.com\/lasnamaehambakliinik\/\" \/>\n<meta property=\"article:modified_time\" content=\"2025-01-09T19:35:16+00:00\" \/>\n<meta property=\"og:image\" content=\"https:\/\/lasnamaehambakliinik.ee\/wp-content\/uploads\/2023\/02\/Image00011.jpg\" \/>\n\t<meta property=\"og:image:width\" content=\"1500\" \/>\n\t<meta property=\"og:image:height\" content=\"1000\" \/>\n\t<meta property=\"og:image:type\" content=\"image\/jpeg\" \/>\n<meta name=\"twitter:card\" content=\"summary_large_image\" \/>\n<meta name=\"twitter:label1\" content=\"Est. reading time\" \/>\n\t<meta name=\"twitter:data1\" content=\"2 minutes\" \/>\n<script type=\"application\/ld+json\" class=\"yoast-schema-graph\">{\"@context\":\"https:\\\/\\\/schema.org\",\"@graph\":[{\"@type\":\"WebPage\",\"@id\":\"https:\\\/\\\/lasnamaehambakliinik.ee\\\/meist\\\/\",\"url\":\"https:\\\/\\\/lasnamaehambakliinik.ee\\\/meist\\\/\",\"name\":\"Our team - Lasnam&auml;e Hambakliinik\",\"isPartOf\":{\"@id\":\"https:\\\/\\\/lasnamaehambakliinik.ee\\\/#website\"},\"primaryImageOfPage\":{\"@id\":\"https:\\\/\\\/lasnamaehambakliinik.ee\\\/meist\\\/#primaryimage\"},\"image\":{\"@id\":\"https:\\\/\\\/lasnamaehambakliinik.ee\\\/meist\\\/#primaryimage\"},\"thumbnailUrl\":\"https:\\\/\\\/lasnamaehambakliinik.ee\\\/wp-content\\\/uploads\\\/2023\\\/02\\\/Image00011-768x512.jpg\",\"datePublished\":\"2023-02-26T18:05:55+00:00\",\"dateModified\":\"2025-01-09T19:35:16+00:00\",\"breadcrumb\":{\"@id\":\"https:\\\/\\\/lasnamaehambakliinik.ee\\\/meist\\\/#breadcrumb\"},\"inLanguage\":\"en-US\",\"potentialAction\":[{\"@type\":\"ReadAction\",\"target\":[\"https:\\\/\\\/lasnamaehambakliinik.ee\\\/meist\\\/\"]}]},{\"@type\":\"ImageObject\",\"inLanguage\":\"en-US\",\"@id\":\"https:\\\/\\\/lasnamaehambakliinik.ee\\\/meist\\\/#primaryimage\",\"url\":\"https:\\\/\\\/lasnamaehambakliinik.ee\\\/wp-content\\\/uploads\\\/2023\\\/02\\\/Image00011-768x512.jpg\",\"contentUrl\":\"https:\\\/\\\/lasnamaehambakliinik.ee\\\/wp-content\\\/uploads\\\/2023\\\/02\\\/Image00011-768x512.jpg\"},{\"@type\":\"BreadcrumbList\",\"@id\":\"https:\\\/\\\/lasnamaehambakliinik.ee\\\/meist\\\/#breadcrumb\",\"itemListElement\":[{\"@type\":\"ListItem\",\"position\":1,\"name\":\"Home\",\"item\":\"https:\\\/\\\/lasnamaehambakliinik.ee\\\/\"},{\"@type\":\"ListItem\",\"position\":2,\"name\":\"Our team\"}]},{\"@type\":\"WebSite\",\"@id\":\"https:\\\/\\\/lasnamaehambakliinik.ee\\\/#website\",\"url\":\"https:\\\/\\\/lasnamaehambakliinik.ee\\\/\",\"name\":\"Lasnam&auml;e Hambakliinik\",\"description\":\"\",\"publisher\":{\"@id\":\"https:\\\/\\\/lasnamaehambakliinik.ee\\\/#organization\"},\"potentialAction\":[{\"@type\":\"SearchAction\",\"target\":{\"@type\":\"EntryPoint\",\"urlTemplate\":\"https:\\\/\\\/lasnamaehambakliinik.ee\\\/?s={search_term_string}\"},\"query-input\":{\"@type\":\"PropertyValueSpecification\",\"valueRequired\":true,\"valueName\":\"search_term_string\"}}],\"inLanguage\":\"en-US\"},{\"@type\":\"Organization\",\"@id\":\"https:\\\/\\\/lasnamaehambakliinik.ee\\\/#organization\",\"name\":\"Lasnam&auml;e Hambakliinik\",\"url\":\"https:\\\/\\\/lasnamaehambakliinik.ee\\\/\",\"logo\":{\"@type\":\"ImageObject\",\"inLanguage\":\"en-US\",\"@id\":\"https:\\\/\\\/lasnamaehambakliinik.ee\\\/#\\\/schema\\\/logo\\\/image\\\/\",\"url\":\"https:\\\/\\\/lasnamaehambakliinik.ee\\\/wp-content\\\/uploads\\\/2023\\\/02\\\/Logo-vaike-5.png\",\"contentUrl\":\"https:\\\/\\\/lasnamaehambakliinik.ee\\\/wp-content\\\/uploads\\\/2023\\\/02\\\/Logo-vaike-5.png\",\"width\":500,\"height\":120,\"caption\":\"Lasnam&auml;e Hambakliinik\"},\"image\":{\"@id\":\"https:\\\/\\\/lasnamaehambakliinik.ee\\\/#\\\/schema\\\/logo\\\/image\\\/\"},\"sameAs\":[\"https:\\\/\\\/www.facebook.com\\\/lasnamaehambakliinik\\\/\"]}]}<\/script>\n<!-- \/ Yoast SEO Premium plugin. -->","yoast_head_json":{"title":"Our team - Lasnam&auml;e Hambakliinik","robots":{"index":"index","follow":"follow","max-snippet":"max-snippet:-1","max-image-preview":"max-image-preview:large","max-video-preview":"max-video-preview:-1"},"canonical":"https:\/\/lasnamaehambakliinik.ee\/meist\/","og_locale":"en_US","og_type":"article","og_title":"Our team","og_description":"Meist Hambakliinik on t\u00e4isteenust pakkuv hambaravikliinik. Meie arstid abistavad ja n\u00f5ustavad hambaravik\u00fcsimustes nii t\u00e4iskasvanuid kui ka lapsi, l\u00e4htudes patsiendi soovidest ning meie kogemustest ja v\u00f5imalustest. Lasnam\u00e4e Hambakliinikus kasutatavad seadmed, masinad&hellip;","og_url":"https:\/\/lasnamaehambakliinik.ee\/meist\/","og_site_name":"Lasnam&auml;e Hambakliinik","article_publisher":"https:\/\/www.facebook.com\/lasnamaehambakliinik\/","article_modified_time":"2025-01-09T19:35:16+00:00","og_image":[{"width":1500,"height":1000,"url":"https:\/\/lasnamaehambakliinik.ee\/wp-content\/uploads\/2023\/02\/Image00011.jpg","type":"image\/jpeg"}],"twitter_card":"summary_large_image","twitter_misc":{"Est. reading time":"2 minutes"},"schema":{"@context":"https:\/\/schema.org","@graph":[{"@type":"WebPage","@id":"https:\/\/lasnamaehambakliinik.ee\/meist\/","url":"https:\/\/lasnamaehambakliinik.ee\/meist\/","name":"Our team - Lasnam&auml;e Hambakliinik","isPartOf":{"@id":"https:\/\/lasnamaehambakliinik.ee\/#website"},"primaryImageOfPage":{"@id":"https:\/\/lasnamaehambakliinik.ee\/meist\/#primaryimage"},"image":{"@id":"https:\/\/lasnamaehambakliinik.ee\/meist\/#primaryimage"},"thumbnailUrl":"https:\/\/lasnamaehambakliinik.ee\/wp-content\/uploads\/2023\/02\/Image00011-768x512.jpg","datePublished":"2023-02-26T18:05:55+00:00","dateModified":"2025-01-09T19:35:16+00:00","breadcrumb":{"@id":"https:\/\/lasnamaehambakliinik.ee\/meist\/#breadcrumb"},"inLanguage":"en-US","potentialAction":[{"@type":"ReadAction","target":["https:\/\/lasnamaehambakliinik.ee\/meist\/"]}]},{"@type":"ImageObject","inLanguage":"en-US","@id":"https:\/\/lasnamaehambakliinik.ee\/meist\/#primaryimage","url":"https:\/\/lasnamaehambakliinik.ee\/wp-content\/uploads\/2023\/02\/Image00011-768x512.jpg","contentUrl":"https:\/\/lasnamaehambakliinik.ee\/wp-content\/uploads\/2023\/02\/Image00011-768x512.jpg"},{"@type":"BreadcrumbList","@id":"https:\/\/lasnamaehambakliinik.ee\/meist\/#breadcrumb","itemListElement":[{"@type":"ListItem","position":1,"name":"Home","item":"https:\/\/lasnamaehambakliinik.ee\/"},{"@type":"ListItem","position":2,"name":"Our team"}]},{"@type":"WebSite","@id":"https:\/\/lasnamaehambakliinik.ee\/#website","url":"https:\/\/lasnamaehambakliinik.ee\/","name":"Lasnam&auml;e Hambakliinik","description":"","publisher":{"@id":"https:\/\/lasnamaehambakliinik.ee\/#organization"},"potentialAction":[{"@type":"SearchAction","target":{"@type":"EntryPoint","urlTemplate":"https:\/\/lasnamaehambakliinik.ee\/?s={search_term_string}"},"query-input":{"@type":"PropertyValueSpecification","valueRequired":true,"valueName":"search_term_string"}}],"inLanguage":"en-US"},{"@type":"Organization","@id":"https:\/\/lasnamaehambakliinik.ee\/#organization","name":"Lasnam&auml;e Hambakliinik","url":"https:\/\/lasnamaehambakliinik.ee\/","logo":{"@type":"ImageObject","inLanguage":"en-US","@id":"https:\/\/lasnamaehambakliinik.ee\/#\/schema\/logo\/image\/","url":"https:\/\/lasnamaehambakliinik.ee\/wp-content\/uploads\/2023\/02\/Logo-vaike-5.png","contentUrl":"https:\/\/lasnamaehambakliinik.ee\/wp-content\/uploads\/2023\/02\/Logo-vaike-5.png","width":500,"height":120,"caption":"Lasnam&auml;e Hambakliinik"},"image":{"@id":"https:\/\/lasnamaehambakliinik.ee\/#\/schema\/logo\/image\/"},"sameAs":["https:\/\/www.facebook.com\/lasnamaehambakliinik\/"]}]}},"_links":{"self":[{"href":"https:\/\/lasnamaehambakliinik.ee\/en\/wp-json\/wp\/v2\/pages\/1747","targetHints":{"allow":["GET"]}}],"collection":[{"href":"https:\/\/lasnamaehambakliinik.ee\/en\/wp-json\/wp\/v2\/pages"}],"about":[{"href":"https:\/\/lasnamaehambakliinik.ee\/en\/wp-json\/wp\/v2\/types\/page"}],"author":[{"embeddable":true,"href":"https:\/\/lasnamaehambakliinik.ee\/en\/wp-json\/wp\/v2\/users\/1"}],"replies":[{"embeddable":true,"href":"https:\/\/lasnamaehambakliinik.ee\/en\/wp-json\/wp\/v2\/comments?post=1747"}],"version-history":[{"count":21,"href":"https:\/\/lasnamaehambakliinik.ee\/en\/wp-json\/wp\/v2\/pages\/1747\/revisions"}],"predecessor-version":[{"id":2975,"href":"https:\/\/lasnamaehambakliinik.ee\/en\/wp-json\/wp\/v2\/pages\/1747\/revisions\/2975"}],"wp:attachment":[{"href":"https:\/\/lasnamaehambakliinik.ee\/en\/wp-json\/wp\/v2\/media?parent=1747"}],"curies":[{"name":"wp","href":"https:\/\/api.w.org\/{rel}","templated":true}]}}